{"id":27,"date":"2017-03-24T13:55:02","date_gmt":"2017-03-24T12:55:02","guid":{"rendered":"https:\/\/www.volleyclubs.be\/vollohey\/?page_id=27"},"modified":"2023-10-19T19:17:00","modified_gmt":"2023-10-19T17:17:00","slug":"the-club-2","status":"publish","type":"page","link":"https:\/\/www.volleyclubs.be\/vollohey\/the-club-2\/","title":{"rendered":"Cat\u00e9gories jeunes 2023-2024"},"content":{"rendered":"<p>Le Voll&rsquo;Ohey alignera cette saison 2023-2024 en cat\u00e9gorie jeunes:<\/p>\n<p>U15 Gar\u00e7ons, U15 Filles, U13 Gar\u00e7ons A, U13 Gar\u00e7ons B, U11 Gar\u00e7ons, U11 Filles<\/p>\n<p>&nbsp;<\/p>\n<p>&nbsp;<\/p>\n<p>&nbsp;<\/p>\n<p>Entrainements les mardis, mercredis et vendredis de 17h30 \u00e0 19h<\/p>\n<p>&nbsp;<\/p>\n","protected":false},"excerpt":{"rendered":"<p>Le Voll&rsquo;Ohey alignera cette saison 2023-2024 en cat\u00e9gorie jeunes: U15 Gar\u00e7ons, U15 Filles, U13 Gar\u00e7ons A, U13 Gar\u00e7ons B, U11 Gar\u00e7ons, U11 Filles &nbsp; &nbsp; &nbsp; Entrainements les mardis, mercredis et vendredis de 17h30 \u00e0 19h &nbsp;<\/p>\n","protected":false},"author":39,"featured_media":0,"parent":0,"menu_order":0,"comment_status":"closed","ping_status":"closed","template":"page-templates\/page-free.php","meta":{"footnotes":""},"_links":{"self":[{"href":"https:\/\/www.volleyclubs.be\/vollohey\/wp-json\/wp\/v2\/pages\/27"}],"collection":[{"href":"https:\/\/www.volleyclubs.be\/vollohey\/wp-json\/wp\/v2\/pages"}],"about":[{"href":"https:\/\/www.volleyclubs.be\/vollohey\/wp-json\/wp\/v2\/types\/page"}],"author":[{"embeddable":true,"href":"https:\/\/www.volleyclubs.be\/vollohey\/wp-json\/wp\/v2\/users\/39"}],"replies":[{"embeddable":true,"href":"https:\/\/www.volleyclubs.be\/vollohey\/wp-json\/wp\/v2\/comments?post=27"}],"version-history":[{"count":13,"href":"https:\/\/www.volleyclubs.be\/vollohey\/wp-json\/wp\/v2\/pages\/27\/revisions"}],"predecessor-version":[{"id":1641,"href":"https:\/\/www.volleyclubs.be\/vollohey\/wp-json\/wp\/v2\/pages\/27\/revisions\/1641"}],"wp:attachment":[{"href":"https:\/\/www.volleyclubs.be\/vollohey\/wp-json\/wp\/v2\/media?parent=27"}],"curies":[{"name":"wp","href":"https:\/\/api.w.org\/{rel}","templated":true}]}}