{"id":37,"date":"2024-04-09T21:26:25","date_gmt":"2024-04-09T19:26:25","guid":{"rendered":"https:\/\/www.volleyclubs.be\/volleyclubstabulois\/?page_id=37"},"modified":"2026-03-08T10:06:10","modified_gmt":"2026-03-08T09:06:10","slug":"infos-2","status":"publish","type":"page","link":"https:\/\/www.volleyclubs.be\/volleyclubstabulois\/infos-2\/","title":{"rendered":"Point de contact  incident, abus et harc\u00e8lement"},"content":{"rendered":"<p>Le VC Stabulois en tant que club sportif a pour objectif de promouvoir la pratique du volley en toute s\u00e9curit\u00e9 pour ses joueurs, dans un environnement dans lequel ses joueurs peuvent s\u2019entra\u00eener et concourir dans un cadre sain et solidaire, respectueux, \u00e9quitable et exempt de toute forme de harc\u00e8lement et de comportements abusifs.<\/p>\n<p>Le VC Stabulois adh\u00e8re au programme au programme europ\u00e9en <strong><a href=\"https:\/\/pjp-eu.coe.int\/en\/web\/pss\">Child Safeguarding in Sport<\/a>.<\/strong><\/p>\n<p>Si tu es victime d&rsquo;un tel comportement, n&rsquo;h\u00e9site pas \u00e0 prendre contact avec nos r\u00e9f\u00e9rents \u00e9thiques, Eulalie Vanwarbeek et G\u00e9raldine Bouvy, un membre du Comit\u00e9 ou via le bouton <strong>Contact\u00a0<\/strong>en haut \u00e0 droite de cette page ou via le <a href=\"https:\/\/www.volleyclubs.be\/volleyclubstabulois\/wp-content\/uploads\/sites\/63\/2024\/04\/Formulaire-signalement-incident.pdf\" target=\"\" rel=\"noopener\">Formulaire Signalement Incident<\/a> .<\/p>\n<p>Tu trouveras plus d&rsquo;info dans notre <a href=\"https:\/\/www.volleyclubs.be\/volleyclubstabulois\/wp-content\/uploads\/sites\/63\/2024\/04\/Politique-prevention-harcelement-et-abus-VCS.pdf\"><strong>Politique de pr\u00e9vention du harc\u00e8lement et des abus du VC Stabulois<\/strong><\/a>.<\/p>\n<p>&nbsp;<\/p>\n<h3>Si tu es un enfant et tu as des probl\u00e8mes, tu peux\u00a0:<\/h3>\n<ul>\n<li><a class=\"external-link-new-window\" title=\"103 Service \u00e9coute enfants\" href=\"https:\/\/www.103ecoute.be\/enfants\/\" target=\"_blank\" rel=\"noopener\">appeller le 103 :\u00a0un num\u00e9ro de t\u00e9l\u00e9phone\u00a0o\u00f9 tu peux parler de tout ce qui t\u2019arrive<\/a><\/li>\n<li>aller\u00a0sur le site\u00a0<a class=\"external-link-new-window\" title=\"tupeuxledire.be\" href=\"https:\/\/www.tupeuxledire.be\/\" target=\"_blank\" rel=\"noopener\">tupeuxledire.be<\/a><\/li>\n<li>aller sur le site\u00a0<a class=\"external-link-new-window\" title=\"maintenantjenparle.be\" href=\"https:\/\/www.maintenantjenparle.be\/\" target=\"_blank\" rel=\"noopener\">maintenantjenparle.be<\/a><\/li>\n<\/ul>\n<h3>Vous \u00eates parent ou cadre sportif :<\/h3>\n<ul>\n<li><a class=\"external-link-new-window\" title=\"107 - tele-accueil.be\" href=\"https:\/\/tele-accueil.be\/\" target=\"_blank\" rel=\"noopener\">Appelez le 107, service d&rsquo;\u00e9coute gratuit<\/a><\/li>\n<li><a class=\"external-link-new-window\" title=\"SOS enfants\" href=\"https:\/\/www.one.be\/public\/grossesse\/maltraitance\/equipes-sos-enfants\/\" target=\"_blank\" rel=\"noopener\">Contactez SOS Enfants<\/a><\/li>\n<li><a class=\"external-link-new-window\" title=\"O\u00f9 trouver de l'aide ? - Yapaka\" href=\"https:\/\/www.yapaka.be\/cartographie\" target=\"_blank\" rel=\"noopener\">Consultez les autres services proches de chez vous<\/a><\/li>\n<li><a class=\"internal-link-new-window\" title=\"Opens internal link in new window\" href=\"https:\/\/www.sport-adeps.be\/index.php?id=numeros-urgence\" target=\"_blank\" rel=\"noopener\">Num\u00e9ros d&rsquo;urgence<\/a><\/li>\n<li><a class=\"external-link-new-window\" title=\"Que faire en cas d\u2019inqui\u00e9tude d\u2019une situation de maltraitance infantile ? Yapaka\" href=\"https:\/\/www.yapaka.be\/sites\/yapaka.be\/files\/texte\/maltraitance-web-2021_2.pdf\" target=\"_blank\" rel=\"noopener\">Que faire en cas d\u2019inqui\u00e9tude d\u2019une situation de maltraitance infantile (.pdf)<\/a><\/li>\n<\/ul>\n","protected":false},"excerpt":{"rendered":"<p>Le VC Stabulois en tant que club sportif a pour objectif de promouvoir la pratique du volley en toute s\u00e9curit\u00e9 pour ses joueurs, dans un environnement dans lequel ses joueurs peuvent s\u2019entra\u00eener et concourir dans un cadre sain et solidaire, respectueux, \u00e9quitable et exempt de toute forme de harc\u00e8lement et de comportements abusifs. Le VC [&hellip;]<\/p>\n","protected":false},"author":89,"featured_media":0,"parent":0,"menu_order":0,"comment_status":"closed","ping_status":"closed","template":"page-templates\/page-free.php","meta":{"footnotes":""},"_links":{"self":[{"href":"https:\/\/www.volleyclubs.be\/volleyclubstabulois\/wp-json\/wp\/v2\/pages\/37"}],"collection":[{"href":"https:\/\/www.volleyclubs.be\/volleyclubstabulois\/wp-json\/wp\/v2\/pages"}],"about":[{"href":"https:\/\/www.volleyclubs.be\/volleyclubstabulois\/wp-json\/wp\/v2\/types\/page"}],"author":[{"embeddable":true,"href":"https:\/\/www.volleyclubs.be\/volleyclubstabulois\/wp-json\/wp\/v2\/users\/89"}],"replies":[{"embeddable":true,"href":"https:\/\/www.volleyclubs.be\/volleyclubstabulois\/wp-json\/wp\/v2\/comments?post=37"}],"version-history":[{"count":8,"href":"https:\/\/www.volleyclubs.be\/volleyclubstabulois\/wp-json\/wp\/v2\/pages\/37\/revisions"}],"predecessor-version":[{"id":443,"href":"https:\/\/www.volleyclubs.be\/volleyclubstabulois\/wp-json\/wp\/v2\/pages\/37\/revisions\/443"}],"wp:attachment":[{"href":"https:\/\/www.volleyclubs.be\/volleyclubstabulois\/wp-json\/wp\/v2\/media?parent=37"}],"curies":[{"name":"wp","href":"https:\/\/api.w.org\/{rel}","templated":true}]}}