{"id":36,"date":"2024-04-06T19:17:11","date_gmt":"2024-04-06T17:17:11","guid":{"rendered":"https:\/\/www.volleyclubs.be\/volleyclubstabulois\/?page_id=36"},"modified":"2024-04-06T19:17:11","modified_gmt":"2024-04-06T17:17:11","slug":"infos-1","status":"publish","type":"page","link":"https:\/\/www.volleyclubs.be\/volleyclubstabulois\/infos-1\/","title":{"rendered":"D\u00e9claration d&rsquo;accident"},"content":{"rendered":"<p>Merci de remplir le document ci-attach\u00e9 et d&rsquo;envoyer les documents scann\u00e9s le plus vite possible \u00e0 la Secr\u00e9taire, <em>G\u00e9raldine Bouvy<\/em>, vc-stabulois@hotmail.com<br \/>\n<a href=\"https:\/\/www.volleyclubs.be\/volleyclubstabulois\/wp-content\/uploads\/sites\/63\/2024\/04\/declarationaccident.pdf\" target=\"\" rel=\"noopener\">Declarationaccident<\/a><\/p>\n<p>La d\u00e9claration doit \u00eatre envoy\u00e9e dans les 7 jours cons\u00e9cutifs de l&rsquo;accident<\/p>\n","protected":false},"excerpt":{"rendered":"<p>Merci de remplir le document ci-attach\u00e9 et d&rsquo;envoyer les documents scann\u00e9s le plus vite possible \u00e0 la Secr\u00e9taire, G\u00e9raldine Bouvy, vc-stabulois@hotmail.com Declarationaccident La d\u00e9claration doit \u00eatre envoy\u00e9e dans les 7 jours cons\u00e9cutifs de l&rsquo;accident<\/p>\n","protected":false},"author":89,"featured_media":0,"parent":0,"menu_order":0,"comment_status":"closed","ping_status":"closed","template":"page-templates\/page-free.php","meta":{"footnotes":""},"_links":{"self":[{"href":"https:\/\/www.volleyclubs.be\/volleyclubstabulois\/wp-json\/wp\/v2\/pages\/36"}],"collection":[{"href":"https:\/\/www.volleyclubs.be\/volleyclubstabulois\/wp-json\/wp\/v2\/pages"}],"about":[{"href":"https:\/\/www.volleyclubs.be\/volleyclubstabulois\/wp-json\/wp\/v2\/types\/page"}],"author":[{"embeddable":true,"href":"https:\/\/www.volleyclubs.be\/volleyclubstabulois\/wp-json\/wp\/v2\/users\/89"}],"replies":[{"embeddable":true,"href":"https:\/\/www.volleyclubs.be\/volleyclubstabulois\/wp-json\/wp\/v2\/comments?post=36"}],"version-history":[{"count":2,"href":"https:\/\/www.volleyclubs.be\/volleyclubstabulois\/wp-json\/wp\/v2\/pages\/36\/revisions"}],"predecessor-version":[{"id":201,"href":"https:\/\/www.volleyclubs.be\/volleyclubstabulois\/wp-json\/wp\/v2\/pages\/36\/revisions\/201"}],"wp:attachment":[{"href":"https:\/\/www.volleyclubs.be\/volleyclubstabulois\/wp-json\/wp\/v2\/media?parent=36"}],"curies":[{"name":"wp","href":"https:\/\/api.w.org\/{rel}","templated":true}]}}