{"id":20,"date":"2024-04-02T21:11:47","date_gmt":"2024-04-02T19:11:47","guid":{"rendered":"https:\/\/www.volleyclubs.be\/volleyclubstabulois\/?page_id=20"},"modified":"2024-04-22T20:43:58","modified_gmt":"2024-04-22T18:43:58","slug":"records","status":"publish","type":"page","link":"https:\/\/www.volleyclubs.be\/volleyclubstabulois\/records\/","title":{"rendered":"Palmar\u00e8s"},"content":{"rendered":"<p>3 coupes provinciales (2 dames et 1 messieurs)<br \/>\n1 mont\u00e9e en Nationale 3 H<br \/>\n4 mont\u00e9es en promotions hommes<br \/>\n1 mont\u00e9e en promotion dame<br \/>\nChampion P2M 2023-2024<br \/>\nChampionnes P3D 2021-2022<br \/>\n4\u00e8me place en PROMD 2023-2024<\/p>\n<p>Championnes jeunes<br \/>\n&#8211; Minimes 2023<br \/>\n&#8211; Cadettes 2024,2022<br \/>\n&#8211; Juniores 2024,2023,2022<\/p>\n","protected":false},"excerpt":{"rendered":"<p>3 coupes provinciales (2 dames et 1 messieurs) 1 mont\u00e9e en Nationale 3 H 4 mont\u00e9es en promotions hommes 1 mont\u00e9e en promotion dame Champion P2M 2023-2024 Championnes P3D 2021-2022 4\u00e8me place en PROMD 2023-2024 Championnes jeunes &#8211; Minimes 2023 &#8211; Cadettes 2024,2022 &#8211; Juniores 2024,2023,2022<\/p>\n","protected":false},"author":89,"featured_media":0,"parent":0,"menu_order":0,"comment_status":"closed","ping_status":"closed","template":"page-templates\/page-records.php","meta":{"footnotes":""},"_links":{"self":[{"href":"https:\/\/www.volleyclubs.be\/volleyclubstabulois\/wp-json\/wp\/v2\/pages\/20"}],"collection":[{"href":"https:\/\/www.volleyclubs.be\/volleyclubstabulois\/wp-json\/wp\/v2\/pages"}],"about":[{"href":"https:\/\/www.volleyclubs.be\/volleyclubstabulois\/wp-json\/wp\/v2\/types\/page"}],"author":[{"embeddable":true,"href":"https:\/\/www.volleyclubs.be\/volleyclubstabulois\/wp-json\/wp\/v2\/users\/89"}],"replies":[{"embeddable":true,"href":"https:\/\/www.volleyclubs.be\/volleyclubstabulois\/wp-json\/wp\/v2\/comments?post=20"}],"version-history":[{"count":7,"href":"https:\/\/www.volleyclubs.be\/volleyclubstabulois\/wp-json\/wp\/v2\/pages\/20\/revisions"}],"predecessor-version":[{"id":330,"href":"https:\/\/www.volleyclubs.be\/volleyclubstabulois\/wp-json\/wp\/v2\/pages\/20\/revisions\/330"}],"wp:attachment":[{"href":"https:\/\/www.volleyclubs.be\/volleyclubstabulois\/wp-json\/wp\/v2\/media?parent=20"}],"curies":[{"name":"wp","href":"https:\/\/api.w.org\/{rel}","templated":true}]}}