{"id":19,"date":"2024-04-02T21:05:16","date_gmt":"2024-04-02T19:05:16","guid":{"rendered":"https:\/\/www.volleyclubs.be\/volleyclubstabulois\/?page_id=19"},"modified":"2024-04-12T20:14:04","modified_gmt":"2024-04-12T18:14:04","slug":"history","status":"publish","type":"page","link":"https:\/\/www.volleyclubs.be\/volleyclubstabulois\/history\/","title":{"rendered":"Historique"},"content":{"rendered":"<p>Le Club de volley VC Stabulois a \u00e9t\u00e9 cr\u00e9\u00e9 en 1997 par une \u00e9quipe de passionn\u00e9s du volley. Le club poss\u00e9dait \u00e0 cette \u00e9poque une seule \u00e9quipe P2D.<\/p>\n<p>Les temps ont bien chang\u00e9 depuis !!! Pour la saison 2023-2024, le VC Stabulois compte environ 180 affili\u00e9s. Il y a actuellement 7 \u00e9quipes provinciales, 2 \u00e9quipes promotions, 1 \u00e9quipe loisir et 1 groupe pupilles-minimes.<\/p>\n<p>Tous nos jeunes et moins jeunes sont encadr\u00e9s par une \u00e9quipe de 10 entraineurs.<\/p>\n","protected":false},"excerpt":{"rendered":"<p>Le Club de volley VC Stabulois a \u00e9t\u00e9 cr\u00e9\u00e9 en 1997 par une \u00e9quipe de passionn\u00e9s du volley. Le club poss\u00e9dait \u00e0 cette \u00e9poque une seule \u00e9quipe P2D. Les temps ont bien chang\u00e9 depuis !!! Pour la saison 2023-2024, le VC Stabulois compte environ 180 affili\u00e9s. Il y a actuellement 7 \u00e9quipes provinciales, 2 \u00e9quipes [&hellip;]<\/p>\n","protected":false},"author":89,"featured_media":0,"parent":0,"menu_order":0,"comment_status":"closed","ping_status":"closed","template":"page-templates\/page-history.php","meta":{"footnotes":""},"_links":{"self":[{"href":"https:\/\/www.volleyclubs.be\/volleyclubstabulois\/wp-json\/wp\/v2\/pages\/19"}],"collection":[{"href":"https:\/\/www.volleyclubs.be\/volleyclubstabulois\/wp-json\/wp\/v2\/pages"}],"about":[{"href":"https:\/\/www.volleyclubs.be\/volleyclubstabulois\/wp-json\/wp\/v2\/types\/page"}],"author":[{"embeddable":true,"href":"https:\/\/www.volleyclubs.be\/volleyclubstabulois\/wp-json\/wp\/v2\/users\/89"}],"replies":[{"embeddable":true,"href":"https:\/\/www.volleyclubs.be\/volleyclubstabulois\/wp-json\/wp\/v2\/comments?post=19"}],"version-history":[{"count":7,"href":"https:\/\/www.volleyclubs.be\/volleyclubstabulois\/wp-json\/wp\/v2\/pages\/19\/revisions"}],"predecessor-version":[{"id":304,"href":"https:\/\/www.volleyclubs.be\/volleyclubstabulois\/wp-json\/wp\/v2\/pages\/19\/revisions\/304"}],"wp:attachment":[{"href":"https:\/\/www.volleyclubs.be\/volleyclubstabulois\/wp-json\/wp\/v2\/media?parent=19"}],"curies":[{"name":"wp","href":"https:\/\/api.w.org\/{rel}","templated":true}]}}