{"id":41,"date":"2016-09-16T14:38:15","date_gmt":"2016-09-16T12:38:15","guid":{"rendered":"https:\/\/www.volleyclubs.be\/volleyclubeagles\/?page_id=41"},"modified":"2018-01-19T19:14:49","modified_gmt":"2018-01-19T18:14:49","slug":"contact","status":"publish","type":"page","link":"https:\/\/www.volleyclubs.be\/volleyclubeagles\/contact\/","title":{"rendered":"Contact"},"content":{"rendered":"<p><strong>Nous contacter<\/strong><\/p>\n<p><span style=\"text-decoration: underline\">Inscriptions et renseignements<\/span><\/p>\n<p>Pour nous\u00a0rejoindre, vous pouvez contacter le Pr\u00e9sident, S\u00e9bastien CALLAERTS, par t\u00e9l\u00e9phone au 0477\/66 00 36 ou par mail \u00e0 l&rsquo;adresse <a href=\"mailto:callaertssebastien@gmail.com\">callaertssebastien@gmail.com<\/a><\/p>\n<p><span style=\"text-decoration: underline\">Cotisations et tr\u00e9sorerie <\/span><\/p>\n<p>Pour toute question li\u00e9e \u00e0 la tr\u00e9sorerie, vous pouvez prendre contact avec notre tr\u00e9sori\u00e8re Jessica URBAIN par t\u00e9l\u00e9phone au\u00a00473\/39 01 04 ou par mail\u00a0\u00e0 l&rsquo;adresse suivante <a href=\"mailto:jessica.piraux-urbain@outlook.com\">\u00a0jessica.piraux-urbain@outlook.com<\/a><\/p>\n<p>Pour tout autre sujet, vous pouvez utiliser le formulaire de contact ci-dessous.<\/p>\n","protected":false},"excerpt":{"rendered":"<p>Nous contacter Inscriptions et renseignements Pour nous\u00a0rejoindre, vous pouvez contacter le Pr\u00e9sident, S\u00e9bastien CALLAERTS, par t\u00e9l\u00e9phone au 0477\/66 00 36 ou par mail \u00e0 l&rsquo;adresse callaertssebastien@gmail.com Cotisations et tr\u00e9sorerie Pour toute question li\u00e9e \u00e0 la tr\u00e9sorerie, vous pouvez prendre contact avec notre tr\u00e9sori\u00e8re Jessica URBAIN par t\u00e9l\u00e9phone au\u00a00473\/39 01 04 ou par mail\u00a0\u00e0 l&rsquo;adresse suivante [&hellip;]<\/p>\n","protected":false},"author":34,"featured_media":0,"parent":0,"menu_order":0,"comment_status":"closed","ping_status":"closed","template":"page-templates\/page-contact.php","meta":{"footnotes":""},"_links":{"self":[{"href":"https:\/\/www.volleyclubs.be\/volleyclubeagles\/wp-json\/wp\/v2\/pages\/41"}],"collection":[{"href":"https:\/\/www.volleyclubs.be\/volleyclubeagles\/wp-json\/wp\/v2\/pages"}],"about":[{"href":"https:\/\/www.volleyclubs.be\/volleyclubeagles\/wp-json\/wp\/v2\/types\/page"}],"author":[{"embeddable":true,"href":"https:\/\/www.volleyclubs.be\/volleyclubeagles\/wp-json\/wp\/v2\/users\/34"}],"replies":[{"embeddable":true,"href":"https:\/\/www.volleyclubs.be\/volleyclubeagles\/wp-json\/wp\/v2\/comments?post=41"}],"version-history":[{"count":9,"href":"https:\/\/www.volleyclubs.be\/volleyclubeagles\/wp-json\/wp\/v2\/pages\/41\/revisions"}],"predecessor-version":[{"id":396,"href":"https:\/\/www.volleyclubs.be\/volleyclubeagles\/wp-json\/wp\/v2\/pages\/41\/revisions\/396"}],"wp:attachment":[{"href":"https:\/\/www.volleyclubs.be\/volleyclubeagles\/wp-json\/wp\/v2\/media?parent=41"}],"curies":[{"name":"wp","href":"https:\/\/api.w.org\/{rel}","templated":true}]}}