{"id":36,"date":"2018-01-24T07:55:38","date_gmt":"2018-01-24T06:55:38","guid":{"rendered":"https:\/\/www.volleyclubs.be\/volleyclubeagles\/?page_id=36"},"modified":"2018-05-23T11:23:24","modified_gmt":"2018-05-23T09:23:24","slug":"infos-2","status":"publish","type":"page","link":"https:\/\/www.volleyclubs.be\/volleyclubeagles\/infos-2\/","title":{"rendered":"Mutuelle"},"content":{"rendered":"<p style=\"text-align: center\"><strong>Intervention de votre mutuelle<\/strong><\/p>\n<p>Certaines mutuelles remboursent une partie de la cotisation \u00e0 un club de sport.<\/p>\n<p>Une fois votre cotisation pay\u00e9e et le document ad\u00e9quat rempli, faites-le parvenir \u00e0 Jessica URBAIN (Secr\u00e9taire \/ Tr\u00e9sori\u00e8re) pour\u00a0terminer la compl\u00e9tude l&rsquo;attestation\u00a0afin que vous puissiez renvoyer le document et vous faire rembourser.<\/p>\n<p>Liens\u00a0utiles :<\/p>\n<p><span style=\"color: #000000\"><a style=\"color: #000000\" href=\"http:\/\/www.munalux.be\/\">Mutualit\u00e9 neutre<\/a><a style=\"color: #000000\"><br \/>\n<\/a><a style=\"color: #000000\" href=\"http:\/\/www.mc.be\/\">Mutualit\u00e9 chr\u00e9tienne<\/a><a style=\"color: #000000\"><br \/>\n<\/a><a style=\"color: #000000\" href=\"http:\/\/www.mutsoc.be\/\">Mutualit\u00e9 socialiste<\/a><a style=\"color: #000000\"><br \/>\n<\/a><a style=\"color: #000000\" href=\"http:\/\/www.partenamut.be\/assurancecomplementaire-loisirs\">Partenamut<\/a><\/span><\/p>\n","protected":false},"excerpt":{"rendered":"<p>Intervention de votre mutuelle Certaines mutuelles remboursent une partie de la cotisation \u00e0 un club de sport. Une fois votre cotisation pay\u00e9e et le document ad\u00e9quat rempli, faites-le parvenir \u00e0 Jessica URBAIN (Secr\u00e9taire \/ Tr\u00e9sori\u00e8re) pour\u00a0terminer la compl\u00e9tude l&rsquo;attestation\u00a0afin que vous puissiez renvoyer le document et vous faire rembourser. Liens\u00a0utiles : Mutualit\u00e9 neutre Mutualit\u00e9 chr\u00e9tienne [&hellip;]<\/p>\n","protected":false},"author":34,"featured_media":0,"parent":0,"menu_order":0,"comment_status":"closed","ping_status":"closed","template":"page-templates\/page-free.php","meta":{"footnotes":""},"_links":{"self":[{"href":"https:\/\/www.volleyclubs.be\/volleyclubeagles\/wp-json\/wp\/v2\/pages\/36"}],"collection":[{"href":"https:\/\/www.volleyclubs.be\/volleyclubeagles\/wp-json\/wp\/v2\/pages"}],"about":[{"href":"https:\/\/www.volleyclubs.be\/volleyclubeagles\/wp-json\/wp\/v2\/types\/page"}],"author":[{"embeddable":true,"href":"https:\/\/www.volleyclubs.be\/volleyclubeagles\/wp-json\/wp\/v2\/users\/34"}],"replies":[{"embeddable":true,"href":"https:\/\/www.volleyclubs.be\/volleyclubeagles\/wp-json\/wp\/v2\/comments?post=36"}],"version-history":[{"count":2,"href":"https:\/\/www.volleyclubs.be\/volleyclubeagles\/wp-json\/wp\/v2\/pages\/36\/revisions"}],"predecessor-version":[{"id":478,"href":"https:\/\/www.volleyclubs.be\/volleyclubeagles\/wp-json\/wp\/v2\/pages\/36\/revisions\/478"}],"wp:attachment":[{"href":"https:\/\/www.volleyclubs.be\/volleyclubeagles\/wp-json\/wp\/v2\/media?parent=36"}],"curies":[{"name":"wp","href":"https:\/\/api.w.org\/{rel}","templated":true}]}}