{"id":19,"date":"2016-09-16T14:47:59","date_gmt":"2016-09-16T12:47:59","guid":{"rendered":"https:\/\/www.volleyclubs.be\/volleyclubeagles\/?page_id=19"},"modified":"2022-08-18T15:14:03","modified_gmt":"2022-08-18T13:14:03","slug":"history","status":"publish","type":"page","link":"https:\/\/www.volleyclubs.be\/volleyclubeagles\/history\/","title":{"rendered":"Historique"},"content":{"rendered":"<ul>\n<li>05 mai 2015 : Cr\u00e9ation du club par 4 fondateurs (S\u00e9bastien CALLAERTS, Jessica URBAIN, Gil LORGE et S\u00e9bastien MERCKX)\u00a0et de ses statuts<\/li>\n<li>13 mai 2015 : Inscription du club \u00e0 la F\u00e9d\u00e9ration (matricule BT5217)<\/li>\n<li>2015-2016 : Cr\u00e9ation d&rsquo;une \u00e9quipe en Provinciale 3 Hommes<\/li>\n<li>2016-2017 : Inscription d&rsquo;une \u00e9quipe\u00a0en Provinciale 3 Hommes et cr\u00e9ation d&rsquo;une \u00e9quipe en Provinciale 3 Dames<\/li>\n<li>2017-2018 : Inscription d&rsquo;une \u00e9quipe\u00a0en Provinciale 3 Hommes et d&rsquo;une \u00e9quipe en Provinciale 3 Dames<\/li>\n<li>2018-2019 : Inscription d&rsquo;une \u00e9quipe\u00a0en Provinciale\u00a02 Hommes, d&rsquo;une \u00e9quipe en Provinciale 3 Dames ainsi qu&rsquo;une \u00e9quipe en Provinciale 3 Hommes<\/li>\n<li>2019-2020 : Cr\u00e9ation de la P3H Jeunes et mont\u00e9e en P1H pour l&rsquo;\u00e9quipe de P2H<\/li>\n<li>2020-2021 : Cr\u00e9ation d&rsquo;une \u00e9quipe P4D ainsi qu&rsquo;une \u00e9quipe jeunes + la mont\u00e9e de la P3H Jeunes en P2H<\/li>\n<li>2021-2022 : 3\u00e8me place des la P1H, fin de classement pour la P2H,\u00a0 5\u00e8me place des Play-off up pour la P3D,\u00a0 2\u00e8me place des Play-off middle pour les P4D et 4\u00e8me place pour l&rsquo;\u00e9quipe jeunes U13<\/li>\n<\/ul>\n","protected":false},"excerpt":{"rendered":"<p>05 mai 2015 : Cr\u00e9ation du club par 4 fondateurs (S\u00e9bastien CALLAERTS, Jessica URBAIN, Gil LORGE et S\u00e9bastien MERCKX)\u00a0et de ses statuts 13 mai 2015 : Inscription du club \u00e0 la F\u00e9d\u00e9ration (matricule BT5217) 2015-2016 : Cr\u00e9ation d&rsquo;une \u00e9quipe en Provinciale 3 Hommes 2016-2017 : Inscription d&rsquo;une \u00e9quipe\u00a0en Provinciale 3 Hommes et cr\u00e9ation d&rsquo;une \u00e9quipe [&hellip;]<\/p>\n","protected":false},"author":34,"featured_media":0,"parent":0,"menu_order":0,"comment_status":"closed","ping_status":"closed","template":"page-templates\/page-history.php","meta":{"footnotes":""},"_links":{"self":[{"href":"https:\/\/www.volleyclubs.be\/volleyclubeagles\/wp-json\/wp\/v2\/pages\/19"}],"collection":[{"href":"https:\/\/www.volleyclubs.be\/volleyclubeagles\/wp-json\/wp\/v2\/pages"}],"about":[{"href":"https:\/\/www.volleyclubs.be\/volleyclubeagles\/wp-json\/wp\/v2\/types\/page"}],"author":[{"embeddable":true,"href":"https:\/\/www.volleyclubs.be\/volleyclubeagles\/wp-json\/wp\/v2\/users\/34"}],"replies":[{"embeddable":true,"href":"https:\/\/www.volleyclubs.be\/volleyclubeagles\/wp-json\/wp\/v2\/comments?post=19"}],"version-history":[{"count":12,"href":"https:\/\/www.volleyclubs.be\/volleyclubeagles\/wp-json\/wp\/v2\/pages\/19\/revisions"}],"predecessor-version":[{"id":640,"href":"https:\/\/www.volleyclubs.be\/volleyclubeagles\/wp-json\/wp\/v2\/pages\/19\/revisions\/640"}],"wp:attachment":[{"href":"https:\/\/www.volleyclubs.be\/volleyclubeagles\/wp-json\/wp\/v2\/media?parent=19"}],"curies":[{"name":"wp","href":"https:\/\/api.w.org\/{rel}","templated":true}]}}