{"id":9,"date":"2016-04-23T11:36:53","date_gmt":"2016-04-23T09:36:53","guid":{"rendered":"https:\/\/www.volleyclubs.be\/vcslm\/?page_id=9"},"modified":"2020-08-23T12:08:17","modified_gmt":"2020-08-23T10:08:17","slug":"sport-centers","status":"publish","type":"page","link":"https:\/\/www.volleyclubs.be\/vcslm\/sport-centers\/","title":{"rendered":"Salles(s)"},"content":{"rendered":"<p>La salle est fr\u00e9quent\u00e9 par les \u00e9quipes et les supporters du VC Saint Luc Mons , et une cinquantaine de matchs sur l\u2019ann\u00e9e. Elle est \u00e9galement fr\u00e9quent\u00e9e par 1600 \u00e9l\u00e8ves de l\u2019Institut Reine Astrid ( Saint Luc Mons).<\/p>\n","protected":false},"excerpt":{"rendered":"<p>La salle est fr\u00e9quent\u00e9 par les \u00e9quipes et les supporters du VC Saint Luc Mons , et une cinquantaine de matchs sur l\u2019ann\u00e9e. Elle est \u00e9galement fr\u00e9quent\u00e9e par 1600 \u00e9l\u00e8ves de l\u2019Institut Reine Astrid ( Saint Luc Mons).<\/p>\n","protected":false},"author":15,"featured_media":0,"parent":0,"menu_order":0,"comment_status":"closed","ping_status":"closed","template":"page-templates\/page-sport-centers.php","meta":{"footnotes":""},"_links":{"self":[{"href":"https:\/\/www.volleyclubs.be\/vcslm\/wp-json\/wp\/v2\/pages\/9"}],"collection":[{"href":"https:\/\/www.volleyclubs.be\/vcslm\/wp-json\/wp\/v2\/pages"}],"about":[{"href":"https:\/\/www.volleyclubs.be\/vcslm\/wp-json\/wp\/v2\/types\/page"}],"author":[{"embeddable":true,"href":"https:\/\/www.volleyclubs.be\/vcslm\/wp-json\/wp\/v2\/users\/15"}],"replies":[{"embeddable":true,"href":"https:\/\/www.volleyclubs.be\/vcslm\/wp-json\/wp\/v2\/comments?post=9"}],"version-history":[{"count":3,"href":"https:\/\/www.volleyclubs.be\/vcslm\/wp-json\/wp\/v2\/pages\/9\/revisions"}],"predecessor-version":[{"id":69,"href":"https:\/\/www.volleyclubs.be\/vcslm\/wp-json\/wp\/v2\/pages\/9\/revisions\/69"}],"wp:attachment":[{"href":"https:\/\/www.volleyclubs.be\/vcslm\/wp-json\/wp\/v2\/media?parent=9"}],"curies":[{"name":"wp","href":"https:\/\/api.w.org\/{rel}","templated":true}]}}