{"id":20,"date":"2016-04-29T16:22:59","date_gmt":"2016-04-29T14:22:59","guid":{"rendered":"https:\/\/www.volleyclubs.be\/vcslm\/?page_id=20"},"modified":"2019-07-26T16:52:08","modified_gmt":"2019-07-26T14:52:08","slug":"infos-2","status":"publish","type":"page","link":"https:\/\/www.volleyclubs.be\/vcslm\/infos-2\/","title":{"rendered":"Devenir partenaire"},"content":{"rendered":"<p>Le Volley Club Saint Luc Mons a besoin de vous !<\/p>\n<p>Nous sommes \u00e0 la recherche de sponsors qui pourraient nous permettre de boucler le budget de la saison \u00e0 venir<span class=\"text_exposed_show\">. L\u2019id\u00e9e est bien s\u00fbr qu\u2019il s\u2019agisse d\u2019un partenariat afin que chacune des parties soit gagnante. Votre\u00a0entreprise pourra \u00eatre\u00a0visible sur nos \u00e9quipements mais pas seulement , \u00a0sur les r\u00e9seaux sociaux et dans notre salle.<\/span><\/p>\n<p>N\u2019oubliez pas que les d\u00e9penses encourues \u00e0 titre de sponsoring pourront \u00eatre consid\u00e9r\u00e9es comme des frais professionnels et donc d\u00e9ductibles \u00e0 ce titre\u2026<\/p>\n<div class=\"text_exposed_show\">\n<p>Vous pensez pouvoir nous aider ? Contactez nous via notre page Facebook \u00ab\u00a0Volley Club Saint Luc Mons , via notre adresse mail : vcsaintlucmons@gmail.com ou encore dans la rubrique \u00ab\u00a0contact\u00a0\u00bb de notre site.<\/p>\n<p>Ci dessous , vous trouverez le dossier sponsoring :<\/p>\n<p><a href=\"https:\/\/drive.google.com\/file\/d\/1eNQqOxUD_DCsGMT9v9-dLfEg1KiPHY55\/view?usp=sharing\">Dossier sponsoring<\/a><\/p>\n<\/div>\n","protected":false},"excerpt":{"rendered":"<p>Le Volley Club Saint Luc Mons a besoin de vous ! Nous sommes \u00e0 la recherche de sponsors qui pourraient nous permettre de boucler le budget de la saison \u00e0 venir. L\u2019id\u00e9e est bien s\u00fbr qu\u2019il s\u2019agisse d\u2019un partenariat afin que chacune des parties soit gagnante. Votre\u00a0entreprise pourra \u00eatre\u00a0visible sur nos \u00e9quipements mais pas seulement [&hellip;]<\/p>\n","protected":false},"author":15,"featured_media":0,"parent":0,"menu_order":0,"comment_status":"closed","ping_status":"closed","template":"page-templates\/page-free.php","meta":{"footnotes":""},"_links":{"self":[{"href":"https:\/\/www.volleyclubs.be\/vcslm\/wp-json\/wp\/v2\/pages\/20"}],"collection":[{"href":"https:\/\/www.volleyclubs.be\/vcslm\/wp-json\/wp\/v2\/pages"}],"about":[{"href":"https:\/\/www.volleyclubs.be\/vcslm\/wp-json\/wp\/v2\/types\/page"}],"author":[{"embeddable":true,"href":"https:\/\/www.volleyclubs.be\/vcslm\/wp-json\/wp\/v2\/users\/15"}],"replies":[{"embeddable":true,"href":"https:\/\/www.volleyclubs.be\/vcslm\/wp-json\/wp\/v2\/comments?post=20"}],"version-history":[{"count":12,"href":"https:\/\/www.volleyclubs.be\/vcslm\/wp-json\/wp\/v2\/pages\/20\/revisions"}],"predecessor-version":[{"id":878,"href":"https:\/\/www.volleyclubs.be\/vcslm\/wp-json\/wp\/v2\/pages\/20\/revisions\/878"}],"wp:attachment":[{"href":"https:\/\/www.volleyclubs.be\/vcslm\/wp-json\/wp\/v2\/media?parent=20"}],"curies":[{"name":"wp","href":"https:\/\/api.w.org\/{rel}","templated":true}]}}