{"id":528,"date":"2017-06-25T00:41:47","date_gmt":"2017-06-24T22:41:47","guid":{"rendered":"https:\/\/www.volleyclubs.be\/vcalleyoop\/?page_id=528"},"modified":"2020-09-10T13:46:32","modified_gmt":"2020-09-10T11:46:32","slug":"store","status":"publish","type":"page","link":"https:\/\/www.volleyclubs.be\/vcalleyoop\/store\/","title":{"rendered":"Boutique"},"content":{"rendered":"<p>Bienvenue dans notre boutique du club ! (*)<\/p>\n<p>Pour vous \u00e9quiper avec le mat\u00e9riel que nous vous proposons, il suffit de s\u00e9lectionner les articles en cliquant sur le symbole \u00ab\u00a0+\u00a0\u00bb. Ceux-ci s\u2019ajouteront au panier en bas de page. Compl\u00e9tez ensuite le formulaire d\u2019envoi de la commande. Nous prendrons contact avec vous d\u00e8s r\u00e9ception de celle-ci.<\/p>\n<p><span style=\"color: #ff0000;\"><em>(*) Cette boutique est factice et n\u2019a qu\u2019un objectif de d\u00e9monstration.<\/em><\/span><\/p>\n","protected":false},"excerpt":{"rendered":"<p>Bienvenue dans notre boutique du club ! (*) Pour vous \u00e9quiper avec le mat\u00e9riel que nous vous proposons, il suffit de s\u00e9lectionner les articles en cliquant sur le symbole \u00ab\u00a0+\u00a0\u00bb. Ceux-ci s\u2019ajouteront au panier en bas de page. Compl\u00e9tez ensuite le formulaire d\u2019envoi de la commande. Nous prendrons contact avec vous d\u00e8s r\u00e9ception de celle-ci. [&hellip;]<\/p>\n","protected":false},"author":26,"featured_media":0,"parent":0,"menu_order":0,"comment_status":"closed","ping_status":"closed","template":"","meta":{"footnotes":""},"_links":{"self":[{"href":"https:\/\/www.volleyclubs.be\/vcalleyoop\/wp-json\/wp\/v2\/pages\/528"}],"collection":[{"href":"https:\/\/www.volleyclubs.be\/vcalleyoop\/wp-json\/wp\/v2\/pages"}],"about":[{"href":"https:\/\/www.volleyclubs.be\/vcalleyoop\/wp-json\/wp\/v2\/types\/page"}],"author":[{"embeddable":true,"href":"https:\/\/www.volleyclubs.be\/vcalleyoop\/wp-json\/wp\/v2\/users\/26"}],"replies":[{"embeddable":true,"href":"https:\/\/www.volleyclubs.be\/vcalleyoop\/wp-json\/wp\/v2\/comments?post=528"}],"version-history":[{"count":7,"href":"https:\/\/www.volleyclubs.be\/vcalleyoop\/wp-json\/wp\/v2\/pages\/528\/revisions"}],"predecessor-version":[{"id":599,"href":"https:\/\/www.volleyclubs.be\/vcalleyoop\/wp-json\/wp\/v2\/pages\/528\/revisions\/599"}],"wp:attachment":[{"href":"https:\/\/www.volleyclubs.be\/vcalleyoop\/wp-json\/wp\/v2\/media?parent=528"}],"curies":[{"name":"wp","href":"https:\/\/api.w.org\/{rel}","templated":true}]}}