{"id":3,"date":"2015-08-16T20:11:44","date_gmt":"2015-08-16T18:11:44","guid":{"rendered":"https:\/\/www.volleyclubs.be\/vcalleyoop\/?page_id=3"},"modified":"2015-08-16T20:11:44","modified_gmt":"2015-08-16T18:11:44","slug":"history","status":"publish","type":"page","link":"https:\/\/www.volleyclubs.be\/vcalleyoop\/history\/","title":{"rendered":"Historique"},"content":{"rendered":"<h3><span id=\"Origine_du_nom\" class=\"mw-headline\">Origine du nom<\/span><\/h3>\n<p>Le nom du club,<span class=\"Apple-converted-space\">\u00a0<\/span><i>Alley Oop<\/i>, est issu du c\u00e9l\u00e8bre et spectaculaire mouvement de basket-ball. Originalement, le club ne comptait qu&rsquo;une section basket-ball. Lorsque le d\u00e9partement de volley-ball fut cr\u00e9\u00e9, il fut d\u00e9cid\u00e9 de garder le nom du club pour faire hommage \u00e0 son origine.<\/p>\n<h3><span id=\"Historique_de_la_franchise\" class=\"mw-headline\">Historique du club<br \/>\n<\/span><\/h3>\n<p>Les\u00a0<i>Alley Oop<\/i><span class=\"Apple-converted-space\">\u00a0<\/span>sont fond\u00e9s en<span class=\"Apple-converted-space\">\u00a0<\/span>1946<span class=\"Apple-converted-space\">\u00a0<\/span>\u00e0 Salt Lake City, avec 10 autres franchises, \u00e0 la cr\u00e9ation de la BAA (qui deviendra la <em>National Volleyball Association<\/em> 3 ans plus tard). De ces franchises originelles, les\u00a0<i>Alley Oop <\/i>sont avec les<span class=\"Apple-converted-space\"> Bears<\/span> de Boston<span class=\"Apple-converted-space\">\u00a0<\/span>la seule franchise \u00e0 n\u2019avoir jamais d\u00e9m\u00e9nag\u00e9. Le <a href=\"https:\/\/en.wikipedia.org\/wiki\/Smith_Fieldhouse\" target=\"_blank\">George Albert Smith Fieldhouse<\/a>, souvent occup\u00e9 par les matchs de basket universitaire et de<span class=\"Apple-converted-space\">\u00a0<\/span>hockey sur glace, poussent les\u00a0<i>Alley Oop<\/i><span class=\"Apple-converted-space\">\u00a0<\/span>\u00e0 jouer la plupart de leurs matchs \u00e0 domicile au<span class=\"Apple-converted-space\">\u00a0<\/span><i>69th Regiment Armory<\/i>. Durant les premi\u00e8res saisons, les\u00a0<i>Alley Oop<\/i><span class=\"Apple-converted-space\">\u00a0<\/span>ne disputent pas le titre universitaire en d\u00e9pit de r\u00e9sultats corrects&#8230;<\/p>\n","protected":false},"excerpt":{"rendered":"<p>Origine du nom Le nom du club,\u00a0Alley Oop, est issu du c\u00e9l\u00e8bre et spectaculaire mouvement de basket-ball. Originalement, le club ne comptait qu&rsquo;une section basket-ball. Lorsque le d\u00e9partement de volley-ball fut cr\u00e9\u00e9, il fut d\u00e9cid\u00e9 de garder le nom du club pour faire hommage \u00e0 son origine. Historique du club Les\u00a0Alley Oop\u00a0sont fond\u00e9s en\u00a01946\u00a0\u00e0 Salt [&hellip;]<\/p>\n","protected":false},"author":1,"featured_media":0,"parent":0,"menu_order":0,"comment_status":"closed","ping_status":"closed","template":"page-templates\/page-history.php","meta":{"footnotes":""},"_links":{"self":[{"href":"https:\/\/www.volleyclubs.be\/vcalleyoop\/wp-json\/wp\/v2\/pages\/3"}],"collection":[{"href":"https:\/\/www.volleyclubs.be\/vcalleyoop\/wp-json\/wp\/v2\/pages"}],"about":[{"href":"https:\/\/www.volleyclubs.be\/vcalleyoop\/wp-json\/wp\/v2\/types\/page"}],"author":[{"embeddable":true,"href":"https:\/\/www.volleyclubs.be\/vcalleyoop\/wp-json\/wp\/v2\/users\/1"}],"replies":[{"embeddable":true,"href":"https:\/\/www.volleyclubs.be\/vcalleyoop\/wp-json\/wp\/v2\/comments?post=3"}],"version-history":[{"count":2,"href":"https:\/\/www.volleyclubs.be\/vcalleyoop\/wp-json\/wp\/v2\/pages\/3\/revisions"}],"predecessor-version":[{"id":93,"href":"https:\/\/www.volleyclubs.be\/vcalleyoop\/wp-json\/wp\/v2\/pages\/3\/revisions\/93"}],"wp:attachment":[{"href":"https:\/\/www.volleyclubs.be\/vcalleyoop\/wp-json\/wp\/v2\/media?parent=3"}],"curies":[{"name":"wp","href":"https:\/\/api.w.org\/{rel}","templated":true}]}}