{"id":20,"date":"2015-08-17T11:55:08","date_gmt":"2015-08-17T09:55:08","guid":{"rendered":"https:\/\/www.volleyclubs.be\/vcalleyoop\/?page_id=20"},"modified":"2018-08-21T20:20:04","modified_gmt":"2018-08-21T18:20:04","slug":"contact-2","status":"publish","type":"page","link":"https:\/\/www.volleyclubs.be\/vcalleyoop\/contact-2\/","title":{"rendered":"Contact"},"content":{"rendered":"<h3>Adresse du club<\/h3>\n<p>BYU Campus, D\u00e9partement sport\/volleyball<br \/>\nProvo, Utah<br \/>\nBYU Campus<\/p>\n<h3><strong>Inscriptions<\/strong><\/h3>\n<p>Pour nous rejoindre, envoyez un e-mail \u00e0 l\u2019adresse suivante :<span class=\"Apple-converted-space\">\u00a0<\/span><a href=\"mailto:inscriptions@vcalleyoop.com\">inscriptions@vcalleyoop.com<\/a>, ou contactez notre secr\u00e9taire <em>Shawn Holmstead <\/em>par t\u00e9l\u00e9phone au 01 125 477 89.<\/p>\n<h3><strong>Cotisations et tr\u00e9sorerie<\/strong><\/h3>\n<p>Pour toute question li\u00e9e \u00e0 la tr\u00e9sorerie, contactez par e-mail \u00e0 notre tr\u00e9sori\u00e8re <em>Charlene Johnson <\/em>(<a href=\"mailto:cjohnson@vcalleyoop.com\">cjohnson@vcalleyoop.com<\/a>).<\/p>\n<p>&nbsp;<\/p>\n<p>Pour tout autre sujet, utilisez le formulaire de contact ci-dessous.<\/p>\n","protected":false},"excerpt":{"rendered":"<p>Adresse du club BYU Campus, D\u00e9partement sport\/volleyball Provo, Utah BYU Campus Inscriptions Pour nous rejoindre, envoyez un e-mail \u00e0 l\u2019adresse suivante :\u00a0inscriptions@vcalleyoop.com, ou contactez notre secr\u00e9taire Shawn Holmstead par t\u00e9l\u00e9phone au 01 125 477 89. Cotisations et tr\u00e9sorerie Pour toute question li\u00e9e \u00e0 la tr\u00e9sorerie, contactez par e-mail \u00e0 notre tr\u00e9sori\u00e8re Charlene Johnson (cjohnson@vcalleyoop.com). &nbsp; [&hellip;]<\/p>\n","protected":false},"author":1,"featured_media":0,"parent":0,"menu_order":0,"comment_status":"closed","ping_status":"closed","template":"page-templates\/page-contact.php","meta":{"footnotes":""},"_links":{"self":[{"href":"https:\/\/www.volleyclubs.be\/vcalleyoop\/wp-json\/wp\/v2\/pages\/20"}],"collection":[{"href":"https:\/\/www.volleyclubs.be\/vcalleyoop\/wp-json\/wp\/v2\/pages"}],"about":[{"href":"https:\/\/www.volleyclubs.be\/vcalleyoop\/wp-json\/wp\/v2\/types\/page"}],"author":[{"embeddable":true,"href":"https:\/\/www.volleyclubs.be\/vcalleyoop\/wp-json\/wp\/v2\/users\/1"}],"replies":[{"embeddable":true,"href":"https:\/\/www.volleyclubs.be\/vcalleyoop\/wp-json\/wp\/v2\/comments?post=20"}],"version-history":[{"count":7,"href":"https:\/\/www.volleyclubs.be\/vcalleyoop\/wp-json\/wp\/v2\/pages\/20\/revisions"}],"predecessor-version":[{"id":563,"href":"https:\/\/www.volleyclubs.be\/vcalleyoop\/wp-json\/wp\/v2\/pages\/20\/revisions\/563"}],"wp:attachment":[{"href":"https:\/\/www.volleyclubs.be\/vcalleyoop\/wp-json\/wp\/v2\/media?parent=20"}],"curies":[{"name":"wp","href":"https:\/\/api.w.org\/{rel}","templated":true}]}}