{"id":12,"date":"2015-08-17T11:58:58","date_gmt":"2015-08-17T09:58:58","guid":{"rendered":"https:\/\/www.volleyclubs.be\/vcalleyoop\/?page_id=12"},"modified":"2015-08-17T11:58:58","modified_gmt":"2015-08-17T09:58:58","slug":"join","status":"publish","type":"page","link":"https:\/\/www.volleyclubs.be\/vcalleyoop\/join\/","title":{"rendered":"S&rsquo;inscrire"},"content":{"rendered":"<p>Tu souhaites rejoindre l\u2019une de nos \u00e9quipes, apprendre des meilleurs coaches et \u00e9voluer aux cot\u00e9s de joueurs et joueuses d\u2019un excellent niveau ?<\/p>\n<p>Pour ce faire envoie un e-mail \u00e0 l\u2019adresse suivante :<span class=\"Apple-converted-space\">\u00a0<\/span><a href=\"mailto:inscriptions@vcalleyoop.com\">inscriptions@vcalleyoop.com<\/a>, ou contacte notre directeur technique <em>David Hyte<\/em>par t\u00e9l\u00e9phone au 01 125 477 893.<\/p>\n","protected":false},"excerpt":{"rendered":"<p>Tu souhaites rejoindre l\u2019une de nos \u00e9quipes, apprendre des meilleurs coaches et \u00e9voluer aux cot\u00e9s de joueurs et joueuses d\u2019un excellent niveau ? Pour ce faire envoie un e-mail \u00e0 l\u2019adresse suivante :\u00a0inscriptions@vcalleyoop.com, ou contacte notre directeur technique David Hytepar t\u00e9l\u00e9phone au 01 125 477 893.<\/p>\n","protected":false},"author":1,"featured_media":0,"parent":0,"menu_order":0,"comment_status":"closed","ping_status":"closed","template":"page-templates\/page-join.php","meta":{"footnotes":""},"_links":{"self":[{"href":"https:\/\/www.volleyclubs.be\/vcalleyoop\/wp-json\/wp\/v2\/pages\/12"}],"collection":[{"href":"https:\/\/www.volleyclubs.be\/vcalleyoop\/wp-json\/wp\/v2\/pages"}],"about":[{"href":"https:\/\/www.volleyclubs.be\/vcalleyoop\/wp-json\/wp\/v2\/types\/page"}],"author":[{"embeddable":true,"href":"https:\/\/www.volleyclubs.be\/vcalleyoop\/wp-json\/wp\/v2\/users\/1"}],"replies":[{"embeddable":true,"href":"https:\/\/www.volleyclubs.be\/vcalleyoop\/wp-json\/wp\/v2\/comments?post=12"}],"version-history":[{"count":2,"href":"https:\/\/www.volleyclubs.be\/vcalleyoop\/wp-json\/wp\/v2\/pages\/12\/revisions"}],"predecessor-version":[{"id":313,"href":"https:\/\/www.volleyclubs.be\/vcalleyoop\/wp-json\/wp\/v2\/pages\/12\/revisions\/313"}],"wp:attachment":[{"href":"https:\/\/www.volleyclubs.be\/vcalleyoop\/wp-json\/wp\/v2\/media?parent=12"}],"curies":[{"name":"wp","href":"https:\/\/api.w.org\/{rel}","templated":true}]}}