{"id":46,"date":"2019-03-11T20:04:54","date_gmt":"2019-03-11T19:04:54","guid":{"rendered":"https:\/\/www.volleyclubs.be\/forzauccle\/?page_id=46"},"modified":"2025-09-09T11:09:22","modified_gmt":"2025-09-09T09:09:22","slug":"contact","status":"publish","type":"page","link":"https:\/\/www.volleyclubs.be\/forzauccle\/contact\/","title":{"rendered":"Contact"},"content":{"rendered":"<ul>\n<li><b><u>Pr\u00e9sident :<\/u><\/b><\/li>\n<\/ul>\n<p>VERMEIREN Thomas<\/p>\n<ul>\n<li><b><u>Secr\u00e9taariat<\/u><\/b><\/li>\n<\/ul>\n<div id=\"ConnectiveDocSignExtentionInstalled\"><strong>Via le Formulaire de contact<\/strong><\/div>\n<p><strong>Pour faciliter notre r\u00e9ponse, merci d&rsquo;\u00eatre le plus pr\u00e9cis possible dans votre demande et de nous donner un maximum d&rsquo;information, :<br \/>\n&#8211; Age \/ ann\u00e9e de naissance pour les -19 ans.<br \/>\n&#8211; d\u00e9butant ou exp\u00e9rience pass\u00e9e dans le volley (nombre d&rsquo;ann\u00e9e de volley, clubs, niveau \u00e9ventuellement )<br \/>\n&#8211; niveau recherch\u00e9 pour jouer<br \/>\n<\/strong><\/p>\n","protected":false},"excerpt":{"rendered":"<p>Pr\u00e9sident : VERMEIREN Thomas Secr\u00e9taariat Via le Formulaire de contact Pour faciliter notre r\u00e9ponse, merci d&rsquo;\u00eatre le plus pr\u00e9cis possible dans votre demande et de nous donner un maximum d&rsquo;information, : &#8211; Age \/ ann\u00e9e de naissance pour les -19 ans. &#8211; d\u00e9butant ou exp\u00e9rience pass\u00e9e dans le volley (nombre d&rsquo;ann\u00e9e de volley, clubs, niveau [&hellip;]<\/p>\n","protected":false},"author":54,"featured_media":0,"parent":0,"menu_order":0,"comment_status":"closed","ping_status":"closed","template":"page-templates\/page-contact.php","meta":{"footnotes":""},"_links":{"self":[{"href":"https:\/\/www.volleyclubs.be\/forzauccle\/wp-json\/wp\/v2\/pages\/46"}],"collection":[{"href":"https:\/\/www.volleyclubs.be\/forzauccle\/wp-json\/wp\/v2\/pages"}],"about":[{"href":"https:\/\/www.volleyclubs.be\/forzauccle\/wp-json\/wp\/v2\/types\/page"}],"author":[{"embeddable":true,"href":"https:\/\/www.volleyclubs.be\/forzauccle\/wp-json\/wp\/v2\/users\/54"}],"replies":[{"embeddable":true,"href":"https:\/\/www.volleyclubs.be\/forzauccle\/wp-json\/wp\/v2\/comments?post=46"}],"version-history":[{"count":18,"href":"https:\/\/www.volleyclubs.be\/forzauccle\/wp-json\/wp\/v2\/pages\/46\/revisions"}],"predecessor-version":[{"id":636,"href":"https:\/\/www.volleyclubs.be\/forzauccle\/wp-json\/wp\/v2\/pages\/46\/revisions\/636"}],"wp:attachment":[{"href":"https:\/\/www.volleyclubs.be\/forzauccle\/wp-json\/wp\/v2\/media?parent=46"}],"curies":[{"name":"wp","href":"https:\/\/api.w.org\/{rel}","templated":true}]}}