{"id":34,"date":"2019-03-11T20:23:23","date_gmt":"2019-03-11T19:23:23","guid":{"rendered":"https:\/\/www.volleyclubs.be\/forzauccle\/?page_id=34"},"modified":"2023-06-07T11:00:08","modified_gmt":"2023-06-07T09:00:08","slug":"links","status":"publish","type":"page","link":"https:\/\/www.volleyclubs.be\/forzauccle\/links\/","title":{"rendered":"Liens"},"content":{"rendered":"<p>&#8211; <strong>L&rsquo;ensemble des liens WEB vers les f\u00e9d\u00e9rations Internationales, nationales,\u00a0 r\u00e9gionales et provinciales<\/strong> peut \u00eatre consult\u00e9 via le site de Volley- Bruxelles, l&rsquo;association des clubs de volley de la Region de Bruxelles-Capitale. Tous les liens sont disponibles ici:\u00a0 <a href=\"https:\/\/www.volleybruxelles.be\/links\/\">https:\/\/www.volleybruxelles.be\/links\/<\/a><\/p>\n<p>&#8211;<strong> R\u00e9sultats et Classements<\/strong> : Portail sportif de la f\u00e9d\u00e9ration francophone de Volley (FVWB) <a href=\"https:\/\/www.portailfvwb.be\/\">https:\/\/www.portailfvwb.be\/<\/a>\u00a0 Vous y ttrouverez les info relatives \u00e0 nos \u00e9quipes:\u00a0 Dans le premier menu d\u00e9roulant : s\u00e9lectionner soit l&rsquo;entit\u00e9 \u00ab\u00a0FVWB\u00a0\u00bb pour notre \u00e9quipe Homme \u00e9voluant en promotion soit \u00ab\u00a0BWBC\u00a0\u00bb (Brabant Wallon-Bruxelles Capitale) pour trouver les informations relatives nos \u00e9quipes de provinciale (de la P1 \u00e0 la P4) ainsi que les \u00e9quipes en\u00a0 cat\u00e9gories d&rsquo;ages championnat\u00a0 jeune.<\/p>\n<p>&nbsp;<\/p>\n<p>&nbsp;<\/p>\n<p>&nbsp;<\/p>\n","protected":false},"excerpt":{"rendered":"<p>&#8211; L&rsquo;ensemble des liens WEB vers les f\u00e9d\u00e9rations Internationales, nationales,\u00a0 r\u00e9gionales et provinciales peut \u00eatre consult\u00e9 via le site de Volley- Bruxelles, l&rsquo;association des clubs de volley de la Region de Bruxelles-Capitale. Tous les liens sont disponibles ici:\u00a0 https:\/\/www.volleybruxelles.be\/links\/ &#8211; R\u00e9sultats et Classements : Portail sportif de la f\u00e9d\u00e9ration francophone de Volley (FVWB) https:\/\/www.portailfvwb.be\/\u00a0 Vous [&hellip;]<\/p>\n","protected":false},"author":54,"featured_media":0,"parent":0,"menu_order":0,"comment_status":"closed","ping_status":"closed","template":"page-templates\/page-links.php","meta":{"footnotes":""},"_links":{"self":[{"href":"https:\/\/www.volleyclubs.be\/forzauccle\/wp-json\/wp\/v2\/pages\/34"}],"collection":[{"href":"https:\/\/www.volleyclubs.be\/forzauccle\/wp-json\/wp\/v2\/pages"}],"about":[{"href":"https:\/\/www.volleyclubs.be\/forzauccle\/wp-json\/wp\/v2\/types\/page"}],"author":[{"embeddable":true,"href":"https:\/\/www.volleyclubs.be\/forzauccle\/wp-json\/wp\/v2\/users\/54"}],"replies":[{"embeddable":true,"href":"https:\/\/www.volleyclubs.be\/forzauccle\/wp-json\/wp\/v2\/comments?post=34"}],"version-history":[{"count":10,"href":"https:\/\/www.volleyclubs.be\/forzauccle\/wp-json\/wp\/v2\/pages\/34\/revisions"}],"predecessor-version":[{"id":465,"href":"https:\/\/www.volleyclubs.be\/forzauccle\/wp-json\/wp\/v2\/pages\/34\/revisions\/465"}],"wp:attachment":[{"href":"https:\/\/www.volleyclubs.be\/forzauccle\/wp-json\/wp\/v2\/media?parent=34"}],"curies":[{"name":"wp","href":"https:\/\/api.w.org\/{rel}","templated":true}]}}