{"id":32,"date":"2023-12-21T10:17:47","date_gmt":"2023-12-21T09:17:47","guid":{"rendered":"https:\/\/www.volleyclubs.be\/forzauccle\/?page_id=32"},"modified":"2025-04-04T13:41:39","modified_gmt":"2025-04-04T11:41:39","slug":"join","status":"publish","type":"page","link":"https:\/\/www.volleyclubs.be\/forzauccle\/join\/","title":{"rendered":"S&rsquo;inscrire"},"content":{"rendered":"<p>Madame, Monsieur<\/p>\n<p>Vous \u00eates int\u00e9ress\u00e9(e)s pour int\u00e9grer notre club en septembre<br \/>\nVoici quelques informations utiles. <strong>Merci de lire attentivement.<\/strong><\/p>\n<p>Dans tous les cas vous pouvez vous enregistrer via le formulaire suivant : <a href=\"https:\/\/forms.office.com\/e\/FP1gZbMz1H\">https:\/\/forms.office.com\/e\/FP1gZbMz1H <\/a><\/p>\n<p><strong>Pour les adultes comp\u00e9tition<\/strong> nous ne pouvons accueillir que des joueurs(e)s non d\u00e9butants.<br \/>\nDes essais seront propos\u00e9s, merci de prendre contact par le formulaire contact de ce site web, plutot que par le lien \u00ab\u00a0forms\u00a0\u00bb si vous envisagez un transfert depuis un autre club<\/p>\n<p>Nous avons aussi une \u00e9quipe Loisir Homme et une loisir Dame qui peuvent accueillir des joueurs ayant aussi de bonnes bases. Les places y seront tr\u00e8s limit\u00e9s (elles sont compl\u00e8tes  actuellement)<\/p>\n<p><strong>Pour les cat\u00e9gories jeunes (U..)<\/strong>  soit les enfants n\u00e9(e)s en 2007 et apr\u00e8s:<br \/>\nPour les jeunes Gar\u00e7ons, les inscriptions sont assez ouvertes (d\u00e9butants ou non).<br \/>\nPour les jeunes filles :<br \/>\n     &#8211; Pour les d\u00e9butantes,  nous donneront la priorit\u00e9 aux filles n\u00e9es en 2010 et apr\u00e8s<br \/>\n     &#8211; Pour les jeunes filles ayant d\u00e9ja une petite exp\u00e9rience en club : un test peut \u00eatre propos\u00e9 quelque soit la date de naissance.<\/p>\n<p>Les heures d&rsquo;entrainements \u00ab\u00a0jeunes\u00a0\u00bb ont g\u00e9n\u00e9ralement lieu entre les lundi-mardi-jeudi soir apres l&rsquo;\u00e9cole (le planning et les salles ne sont pas encore connus pour la saison prochaine). Le prix de la cotisation est legerement inf\u00e9rieur \u00e0 400\u20ac pour les jeunes.<\/p>\n<p>N\u2019h\u00e9sitez pas \u00e0 nous contacter pour plus d\u2019information.  Attention, Certaines p\u00e9riodes sont tr\u00e8s charg\u00e9es pour nous en terme de sollicitations (au printemps en fin de saison et \u00e0 la rentr\u00e9e de septembre notamment). N\u2019h\u00e9sitez pas \u00e0 laisser des messages \u00e9crits via le formulaire de contact du site ou m\u00eame par mail\/messages priv\u00e9s Facebook ou Instagram en laissant un maximum d\u2019information ( Date de naissance; niveau auquel vous avez jou\u00e9 \u00e9ventuellement, Num\u00e9ro de t\u00e9l\u00e9phone \u2026).<\/p>\n<p>A bient\u00f4t \u00e0 Forza Uccle !<\/p>\n","protected":false},"excerpt":{"rendered":"<p>Madame, Monsieur Vous \u00eates int\u00e9ress\u00e9(e)s pour int\u00e9grer notre club en septembre Voici quelques informations utiles. Merci de lire attentivement. Dans tous les cas vous pouvez vous enregistrer via le formulaire suivant : https:\/\/forms.office.com\/e\/FP1gZbMz1H Pour les adultes comp\u00e9tition nous ne pouvons accueillir que des joueurs(e)s non d\u00e9butants. Des essais seront propos\u00e9s, merci de prendre contact par [&hellip;]<\/p>\n","protected":false},"author":54,"featured_media":0,"parent":0,"menu_order":0,"comment_status":"closed","ping_status":"closed","template":"page-templates\/page-join.php","meta":{"footnotes":""},"_links":{"self":[{"href":"https:\/\/www.volleyclubs.be\/forzauccle\/wp-json\/wp\/v2\/pages\/32"}],"collection":[{"href":"https:\/\/www.volleyclubs.be\/forzauccle\/wp-json\/wp\/v2\/pages"}],"about":[{"href":"https:\/\/www.volleyclubs.be\/forzauccle\/wp-json\/wp\/v2\/types\/page"}],"author":[{"embeddable":true,"href":"https:\/\/www.volleyclubs.be\/forzauccle\/wp-json\/wp\/v2\/users\/54"}],"replies":[{"embeddable":true,"href":"https:\/\/www.volleyclubs.be\/forzauccle\/wp-json\/wp\/v2\/comments?post=32"}],"version-history":[{"count":5,"href":"https:\/\/www.volleyclubs.be\/forzauccle\/wp-json\/wp\/v2\/pages\/32\/revisions"}],"predecessor-version":[{"id":613,"href":"https:\/\/www.volleyclubs.be\/forzauccle\/wp-json\/wp\/v2\/pages\/32\/revisions\/613"}],"wp:attachment":[{"href":"https:\/\/www.volleyclubs.be\/forzauccle\/wp-json\/wp\/v2\/media?parent=32"}],"curies":[{"name":"wp","href":"https:\/\/api.w.org\/{rel}","templated":true}]}}