{"id":28,"date":"2026-03-18T00:40:54","date_gmt":"2026-03-17T23:40:54","guid":{"rendered":"https:\/\/www.volleyclubs.be\/forzauccle\/?page_id=28"},"modified":"2026-03-20T19:04:04","modified_gmt":"2026-03-20T18:04:04","slug":"the-club-3","status":"publish","type":"page","link":"https:\/\/www.volleyclubs.be\/forzauccle\/the-club-3\/","title":{"rendered":"Visions, Valeurs, ROI et Chartes"},"content":{"rendered":"<div id=\"comp-m7up537i\" class=\"ku3DBC zQ9jDz qvSjx3 Vq6kJx comp-m7up537i wixui-rich-text\" data-testid=\"richTextElement\">\n<p><em><b>MISSIONS DU CLUB<\/b><\/em><span data-ccp-props=\"{&quot;201341983&quot;:0,&quot;335551550&quot;:6,&quot;335551620&quot;:6,&quot;335559738&quot;:480,&quot;335559739&quot;:240,&quot;335559740&quot;:240}\"><em>\u00a0<\/em> : <\/span><span data-contrast=\"auto\">Le Club de FORZA UCCLE s\u2019en est donn\u00e9 <\/span><b><span data-contrast=\"none\">3<\/span><\/b><span data-contrast=\"auto\">\u00a0:<\/span><\/p>\n<ul>\n<li><b><span data-contrast=\"none\">LES JEUNES VERS LES MEILLEURS NIVEAUX<\/span><\/b><span data-contrast=\"auto\">: Former les jeunes en les pr\u00e9parant \u00e0 exceller, tout en prenant du plaisir et en pr\u00e9servant leur sant\u00e9.<\/span><\/li>\n<li><b><span data-contrast=\"none\">LE SPORT FEMININ\u202f<\/span><\/b><span data-contrast=\"auto\">: Participer au d\u00e9veloppement du sport d\u2019\u00e9quipe f\u00e9minin de ballon chez les jeunes filles et chez les adultes.<\/span><\/li>\n<li><b><span data-contrast=\"none\">LE SPORT POUR LA VIE<\/span><\/b><span data-contrast=\"auto\">: Offrir \u00e0 diff\u00e9rents publics l\u2019opportunit\u00e9 de pratiquer le volley-ball tout au long de leur vie.<\/span><\/li>\n<\/ul>\n<\/div>\n<p><em><strong>Objectifs et r\u00e9sultats<\/strong><\/em><br \/>\nPremi\u00e8rement, offrir la meilleure formation possible \u00e0 nos jeunes. L&rsquo;objectif est de maintenir et d&rsquo;augmenter un effectif nombreux et diversifi\u00e9, tout en am\u00e9liorant l&rsquo;encadrement par la certification de nouveaux entra\u00eeneurs et le renforcement des valeurs sportives. R\u00e9sultat : une progression significative de nos jeunes athl\u00e8tes.<br \/>\nDeuxi\u00e8mement, structurer nos \u00e9quipes pour une performance durable. Nous visons \u00e0 consolider notre pr\u00e9sence \u00e0 tous les \u00e9chelons provinciaux et, d&rsquo;ici 2-3 ans, \u00e0 aligner une \u00e9quipe masculine et une \u00e9quipe f\u00e9minine \u00e0 l&rsquo;\u00e9chelon Nationale. R\u00e9sultat : meilleure comp\u00e9titivit\u00e9 et reconnaissance accrue du club.<br \/>\nEnfin, accro\u00eetre notre visibilit\u00e9 et diversifier nos soutiens financiers. Une meilleure notori\u00e9t\u00e9, via nos r\u00e9sultats et actions communautaires, attirera plus de partenaires publics et priv\u00e9s. R\u00e9sultat : p\u00e9rennit\u00e9 financi\u00e8re accrue et d\u00e9veloppement continu du club.<\/p>\n<div id=\"comp-m7up537i\" class=\"ku3DBC zQ9jDz qvSjx3 Vq6kJx comp-m7up537i wixui-rich-text\" data-testid=\"richTextElement\">\n<p><em><strong>Valeurs du club:<\/strong><\/em><\/p>\n<p><span data-contrast=\"auto\"><strong>FORZA UCCLE porte 7 VALEURS<\/strong> qui<\/span><span data-contrast=\"auto\">\u00a0font partie de notre identit\u00e9 et de notre culture de club. Chaque membre de FORZA UCCLE est appel\u00e9 \u00e0 les incarner fi\u00e8rement lors des entrainements, des matchs, dans le club et en dehors.<\/span><\/p>\n<p>Valeurs sportives:<\/p>\n<ul>\n<li>envie de progresser<\/li>\n<li>combativit\u00e9<\/li>\n<li>esprit d&rsquo;\u00e9quipe<\/li>\n<li>fair-play<\/li>\n<\/ul>\n<p>Valeurs transversales:<\/p>\n<ul>\n<li>respect<\/li>\n<li>honnetet\u00e9<\/li>\n<li>bienveillance<\/li>\n<\/ul>\n<p><strong>Notre club a adh\u00e9r\u00e9\u00a0 en 2022 ans au<a href=\"https:\/\/www.panathlon.be\/\"> Panathlon Wallonie-Bruxelles<\/a> <\/strong>une organisation qui d\u00e9fend l\u2019\u00e9thique et les valeurs du sport. Au travers de cette adh\u00e9sion nous nous inscrivons pleinement dans ses principes et valeurs\u00a0 pour faire du volley un sport respectueux. Cette adh\u00e9sion se mat\u00e9rialise au travers du soutien de notre club \u00e0\u00a0 diff\u00e9rentes chartes:<\/p>\n<ul>\n<li><a href=\"https:\/\/www.volleyclubs.be\/forzauccle\/wp-content\/uploads\/sites\/37\/2026\/03\/Charte_du_mouvement_sportif.pdf\">Charte d&rsquo;\u00e9thique Sportive<\/a><\/li>\n<li><a href=\"https:\/\/www.volleyclubs.be\/forzauccle\/wp-content\/uploads\/sites\/37\/2026\/03\/Chartes-des-droits-de-lenfant-dans-le-sport.pdf\">Charte des droits de l&rsquo;enfant dans le sport\u00a0<\/a><\/li>\n<li><a href=\"https:\/\/www.volleyclubs.be\/forzauccle\/wp-content\/uploads\/sites\/37\/2026\/03\/Charte-des-parents-Fair-Play.pdf\">Charte des parents fair-play\u00a0<\/a><\/li>\n<li><a href=\"https:\/\/www.volleyclubs.be\/forzauccle\/wp-content\/uploads\/sites\/37\/2026\/03\/Forza-Uccle-ROI.pdf\">R\u00e8glement d&rsquo;ordre int\u00e9rieur<\/a><\/li>\n<\/ul>\n<\/div>\n","protected":false},"excerpt":{"rendered":"<p>MISSIONS DU CLUB\u00a0 : Le Club de FORZA UCCLE s\u2019en est donn\u00e9 3\u00a0: LES JEUNES VERS LES MEILLEURS NIVEAUX: Former les jeunes en les pr\u00e9parant \u00e0 exceller, tout en prenant du plaisir et en pr\u00e9servant leur sant\u00e9. LE SPORT FEMININ\u202f: Participer au d\u00e9veloppement du sport d\u2019\u00e9quipe f\u00e9minin de ballon chez les jeunes filles et chez [&hellip;]<\/p>\n","protected":false},"author":54,"featured_media":0,"parent":0,"menu_order":0,"comment_status":"closed","ping_status":"closed","template":"page-templates\/page-free.php","meta":{"footnotes":""},"_links":{"self":[{"href":"https:\/\/www.volleyclubs.be\/forzauccle\/wp-json\/wp\/v2\/pages\/28"}],"collection":[{"href":"https:\/\/www.volleyclubs.be\/forzauccle\/wp-json\/wp\/v2\/pages"}],"about":[{"href":"https:\/\/www.volleyclubs.be\/forzauccle\/wp-json\/wp\/v2\/types\/page"}],"author":[{"embeddable":true,"href":"https:\/\/www.volleyclubs.be\/forzauccle\/wp-json\/wp\/v2\/users\/54"}],"replies":[{"embeddable":true,"href":"https:\/\/www.volleyclubs.be\/forzauccle\/wp-json\/wp\/v2\/comments?post=28"}],"version-history":[{"count":15,"href":"https:\/\/www.volleyclubs.be\/forzauccle\/wp-json\/wp\/v2\/pages\/28\/revisions"}],"predecessor-version":[{"id":702,"href":"https:\/\/www.volleyclubs.be\/forzauccle\/wp-json\/wp\/v2\/pages\/28\/revisions\/702"}],"wp:attachment":[{"href":"https:\/\/www.volleyclubs.be\/forzauccle\/wp-json\/wp\/v2\/media?parent=28"}],"curies":[{"name":"wp","href":"https:\/\/api.w.org\/{rel}","templated":true}]}}