{"id":27,"date":"2026-03-16T22:21:54","date_gmt":"2026-03-16T21:21:54","guid":{"rendered":"https:\/\/www.volleyclubs.be\/forzauccle\/?page_id=27"},"modified":"2026-03-17T13:31:12","modified_gmt":"2026-03-17T12:31:12","slug":"the-club-2","status":"publish","type":"page","link":"https:\/\/www.volleyclubs.be\/forzauccle\/the-club-2\/","title":{"rendered":"Organigramme du Club"},"content":{"rendered":"<p>le club est organis\u00e9 autour de diff\u00e9rentes missions:<\/p>\n<p><strong>Administration du club:<\/strong><br \/>\n&#8211; Pr\u00e9sident:Thoams Vermeiren<br \/>\n&#8211; Tresorier-Subsides: Adrien Lengele<br \/>\n&#8211; (Co)Secr\u00e9tariat du club:Thomas Leahy et stephane Gerbaud<br \/>\n&#8211; Responsable sponsoring et mecenat: Veronique Dewever<br \/>\n&#8211; Responsable communication: Sarah Istace<br \/>\n&#8211; Comit\u00e9 des f\u00eates:Thomas Leahy<br \/>\n&#8211; R\u00e9f\u00e9rent \u00e9thique: Thomas Vermeiren<\/p>\n<p><strong>Direction sportive:<\/strong><br \/>\n&#8211; Direction technique: Thomas Vermeiren<br \/>\n&#8211; Coordination sportive et formation des coachs: Stephane Gerbaud<br \/>\n&#8211; Responsable \u00e9cole de volley: Francine Breekpot<br \/>\n&#8211; Responsable section Loisirs: Valerie Barlet<br \/>\n&#8211; Point d&rsquo;Information beach-Volley: Stephane Gerbaud<br \/>\n&#8211; R\u00e9f\u00e9rent arbitrage: Veronique Dewever<\/p>\n","protected":false},"excerpt":{"rendered":"<p>le club est organis\u00e9 autour de diff\u00e9rentes missions: Administration du club: &#8211; Pr\u00e9sident:Thoams Vermeiren &#8211; Tresorier-Subsides: Adrien Lengele &#8211; (Co)Secr\u00e9tariat du club:Thomas Leahy et stephane Gerbaud &#8211; Responsable sponsoring et mecenat: Veronique Dewever &#8211; Responsable communication: Sarah Istace &#8211; Comit\u00e9 des f\u00eates:Thomas Leahy &#8211; R\u00e9f\u00e9rent \u00e9thique: Thomas Vermeiren Direction sportive: &#8211; Direction technique: Thomas Vermeiren [&hellip;]<\/p>\n","protected":false},"author":54,"featured_media":0,"parent":0,"menu_order":0,"comment_status":"closed","ping_status":"closed","template":"page-templates\/page-free.php","meta":{"footnotes":""},"_links":{"self":[{"href":"https:\/\/www.volleyclubs.be\/forzauccle\/wp-json\/wp\/v2\/pages\/27"}],"collection":[{"href":"https:\/\/www.volleyclubs.be\/forzauccle\/wp-json\/wp\/v2\/pages"}],"about":[{"href":"https:\/\/www.volleyclubs.be\/forzauccle\/wp-json\/wp\/v2\/types\/page"}],"author":[{"embeddable":true,"href":"https:\/\/www.volleyclubs.be\/forzauccle\/wp-json\/wp\/v2\/users\/54"}],"replies":[{"embeddable":true,"href":"https:\/\/www.volleyclubs.be\/forzauccle\/wp-json\/wp\/v2\/comments?post=27"}],"version-history":[{"count":6,"href":"https:\/\/www.volleyclubs.be\/forzauccle\/wp-json\/wp\/v2\/pages\/27\/revisions"}],"predecessor-version":[{"id":679,"href":"https:\/\/www.volleyclubs.be\/forzauccle\/wp-json\/wp\/v2\/pages\/27\/revisions\/679"}],"wp:attachment":[{"href":"https:\/\/www.volleyclubs.be\/forzauccle\/wp-json\/wp\/v2\/media?parent=27"}],"curies":[{"name":"wp","href":"https:\/\/api.w.org\/{rel}","templated":true}]}}