{"id":26,"date":"2022-06-24T21:37:47","date_gmt":"2022-06-24T19:37:47","guid":{"rendered":"https:\/\/www.volleyclubs.be\/forzauccle\/?page_id=26"},"modified":"2026-03-16T21:40:25","modified_gmt":"2026-03-16T20:40:25","slug":"the-club-1","status":"publish","type":"page","link":"https:\/\/www.volleyclubs.be\/forzauccle\/the-club-1\/","title":{"rendered":"R\u00e9f\u00e9rent \u00e9thique du club"},"content":{"rendered":"<p>Conform\u00e9ment aux prescriptions de la FVWB (f\u00e9d\u00e9ration de volley Wallonie-Bruxelles), le club a mis en place un point de contact pour toute personne victime ou t\u00e9moin de faits de violence de tout type (physique, psychologique, de n\u00e9gligence, sexuelle avec ou sans contact) ou de comportements contraires \u00e0 l\u2019\u00e9thique sportive (dopage, manipulations sportives) au sein du club. <\/p>\n<p>Vous pouvez contacter \u00e0 ce sujet le Pr\u00e9sident du Club, Thomas Vermeiren, via le formulaire de contact du site ou \u00e0 l&rsquo;adresse thomas[at]forzavolley.be<\/p>\n","protected":false},"excerpt":{"rendered":"<p>Conform\u00e9ment aux prescriptions de la FVWB (f\u00e9d\u00e9ration de volley Wallonie-Bruxelles), le club a mis en place un point de contact pour toute personne victime ou t\u00e9moin de faits de violence de tout type (physique, psychologique, de n\u00e9gligence, sexuelle avec ou sans contact) ou de comportements contraires \u00e0 l\u2019\u00e9thique sportive (dopage, manipulations sportives) au sein du [&hellip;]<\/p>\n","protected":false},"author":54,"featured_media":0,"parent":0,"menu_order":0,"comment_status":"closed","ping_status":"closed","template":"page-templates\/page-free.php","meta":{"footnotes":""},"_links":{"self":[{"href":"https:\/\/www.volleyclubs.be\/forzauccle\/wp-json\/wp\/v2\/pages\/26"}],"collection":[{"href":"https:\/\/www.volleyclubs.be\/forzauccle\/wp-json\/wp\/v2\/pages"}],"about":[{"href":"https:\/\/www.volleyclubs.be\/forzauccle\/wp-json\/wp\/v2\/types\/page"}],"author":[{"embeddable":true,"href":"https:\/\/www.volleyclubs.be\/forzauccle\/wp-json\/wp\/v2\/users\/54"}],"replies":[{"embeddable":true,"href":"https:\/\/www.volleyclubs.be\/forzauccle\/wp-json\/wp\/v2\/comments?post=26"}],"version-history":[{"count":8,"href":"https:\/\/www.volleyclubs.be\/forzauccle\/wp-json\/wp\/v2\/pages\/26\/revisions"}],"predecessor-version":[{"id":670,"href":"https:\/\/www.volleyclubs.be\/forzauccle\/wp-json\/wp\/v2\/pages\/26\/revisions\/670"}],"wp:attachment":[{"href":"https:\/\/www.volleyclubs.be\/forzauccle\/wp-json\/wp\/v2\/media?parent=26"}],"curies":[{"name":"wp","href":"https:\/\/api.w.org\/{rel}","templated":true}]}}