{"id":24,"date":"2019-03-11T19:32:47","date_gmt":"2019-03-11T18:32:47","guid":{"rendered":"https:\/\/www.volleyclubs.be\/forzauccle\/?page_id=24"},"modified":"2024-12-09T11:58:17","modified_gmt":"2024-12-09T10:58:17","slug":"practices","status":"publish","type":"page","link":"https:\/\/www.volleyclubs.be\/forzauccle\/practices\/","title":{"rendered":"Entra\u00eenements et Matchs"},"content":{"rendered":"<p>Pour tous renseignements, veuillez t\u00e9l\u00e9phoner \u00e0 notre Secr\u00e9taire ou \u00e0 notre Pr\u00e9sident. Vous trouverez toutes les informations de contact sur <a href=\"https:\/\/www.volleyclubs.be\/forzauccle\/contact\/\">cette page<\/a>.<\/p>\n<p>Vous retrouvez \u00e9galement toutes les adresses des lieux d&rsquo;entra\u00eenements sur la page <a href=\"https:\/\/www.volleyclubs.be\/forzauccle\/sport-centers\/\">\u00ab\u00a0Nos salles\u00a0\u00bb<\/a><\/p>\n<div id=\"ConnectiveDocSignExtentionInstalled\"><\/div>\n","protected":false},"excerpt":{"rendered":"<p>Pour tous renseignements, veuillez t\u00e9l\u00e9phoner \u00e0 notre Secr\u00e9taire ou \u00e0 notre Pr\u00e9sident. Vous trouverez toutes les informations de contact sur cette page. Vous retrouvez \u00e9galement toutes les adresses des lieux d&rsquo;entra\u00eenements sur la page \u00ab\u00a0Nos salles\u00a0\u00bb<\/p>\n","protected":false},"author":54,"featured_media":0,"parent":0,"menu_order":0,"comment_status":"closed","ping_status":"closed","template":"page-templates\/page-practices.php","meta":{"footnotes":""},"_links":{"self":[{"href":"https:\/\/www.volleyclubs.be\/forzauccle\/wp-json\/wp\/v2\/pages\/24"}],"collection":[{"href":"https:\/\/www.volleyclubs.be\/forzauccle\/wp-json\/wp\/v2\/pages"}],"about":[{"href":"https:\/\/www.volleyclubs.be\/forzauccle\/wp-json\/wp\/v2\/types\/page"}],"author":[{"embeddable":true,"href":"https:\/\/www.volleyclubs.be\/forzauccle\/wp-json\/wp\/v2\/users\/54"}],"replies":[{"embeddable":true,"href":"https:\/\/www.volleyclubs.be\/forzauccle\/wp-json\/wp\/v2\/comments?post=24"}],"version-history":[{"count":17,"href":"https:\/\/www.volleyclubs.be\/forzauccle\/wp-json\/wp\/v2\/pages\/24\/revisions"}],"predecessor-version":[{"id":600,"href":"https:\/\/www.volleyclubs.be\/forzauccle\/wp-json\/wp\/v2\/pages\/24\/revisions\/600"}],"wp:attachment":[{"href":"https:\/\/www.volleyclubs.be\/forzauccle\/wp-json\/wp\/v2\/media?parent=24"}],"curies":[{"name":"wp","href":"https:\/\/api.w.org\/{rel}","templated":true}]}}