{"id":23,"date":"2026-03-18T00:47:52","date_gmt":"2026-03-17T23:47:52","guid":{"rendered":"https:\/\/www.volleyclubs.be\/forzauccle\/?page_id=23"},"modified":"2026-03-18T00:47:52","modified_gmt":"2026-03-17T23:47:52","slug":"referees","status":"publish","type":"page","link":"https:\/\/www.volleyclubs.be\/forzauccle\/referees\/","title":{"rendered":"Arbitres"},"content":{"rendered":"<p>Le club fait la promotion de la fonction d&rsquo;arbitrage aupr\u00e8s de ses membres au travers notamment de r\u00e9unions d&rsquo;informations<\/p>\n<p>Nous sommes heureux de compter actuellement 5 arbitres dipl\u00f4m\u00e9s dans nos rangs<\/p>\n","protected":false},"excerpt":{"rendered":"<p>Le club fait la promotion de la fonction d&rsquo;arbitrage aupr\u00e8s de ses membres au travers notamment de r\u00e9unions d&rsquo;informations Nous sommes heureux de compter actuellement 5 arbitres dipl\u00f4m\u00e9s dans nos rangs<\/p>\n","protected":false},"author":54,"featured_media":0,"parent":0,"menu_order":0,"comment_status":"closed","ping_status":"closed","template":"page-templates\/page-referees.php","meta":{"footnotes":""},"_links":{"self":[{"href":"https:\/\/www.volleyclubs.be\/forzauccle\/wp-json\/wp\/v2\/pages\/23"}],"collection":[{"href":"https:\/\/www.volleyclubs.be\/forzauccle\/wp-json\/wp\/v2\/pages"}],"about":[{"href":"https:\/\/www.volleyclubs.be\/forzauccle\/wp-json\/wp\/v2\/types\/page"}],"author":[{"embeddable":true,"href":"https:\/\/www.volleyclubs.be\/forzauccle\/wp-json\/wp\/v2\/users\/54"}],"replies":[{"embeddable":true,"href":"https:\/\/www.volleyclubs.be\/forzauccle\/wp-json\/wp\/v2\/comments?post=23"}],"version-history":[{"count":2,"href":"https:\/\/www.volleyclubs.be\/forzauccle\/wp-json\/wp\/v2\/pages\/23\/revisions"}],"predecessor-version":[{"id":690,"href":"https:\/\/www.volleyclubs.be\/forzauccle\/wp-json\/wp\/v2\/pages\/23\/revisions\/690"}],"wp:attachment":[{"href":"https:\/\/www.volleyclubs.be\/forzauccle\/wp-json\/wp\/v2\/media?parent=23"}],"curies":[{"name":"wp","href":"https:\/\/api.w.org\/{rel}","templated":true}]}}