{"id":22,"date":"2022-05-25T18:18:55","date_gmt":"2022-05-25T16:18:55","guid":{"rendered":"https:\/\/www.volleyclubs.be\/forzauccle\/?page_id=22"},"modified":"2026-03-17T16:51:25","modified_gmt":"2026-03-17T15:51:25","slug":"coaches","status":"publish","type":"page","link":"https:\/\/www.volleyclubs.be\/forzauccle\/coaches\/","title":{"rendered":"Entra\u00eeneurs"},"content":{"rendered":"<p>Tous nos entraineurs sont dipl\u00f4m\u00e9s, ou en cours de formation, selon les r\u00e8gles et prescriptions de la F\u00e9d\u00e9ration de Volley-Ball Wallonie-Bruxelles (FVWB)<\/p>\n<div id=\"ConnectiveDocSignExtentionInstalled\"><\/div>\n","protected":false},"excerpt":{"rendered":"<p>Tous nos entraineurs sont dipl\u00f4m\u00e9s, ou en cours de formation, selon les r\u00e8gles et prescriptions de la F\u00e9d\u00e9ration de Volley-Ball Wallonie-Bruxelles (FVWB)<\/p>\n","protected":false},"author":54,"featured_media":0,"parent":0,"menu_order":0,"comment_status":"closed","ping_status":"closed","template":"","meta":{"footnotes":""},"_links":{"self":[{"href":"https:\/\/www.volleyclubs.be\/forzauccle\/wp-json\/wp\/v2\/pages\/22"}],"collection":[{"href":"https:\/\/www.volleyclubs.be\/forzauccle\/wp-json\/wp\/v2\/pages"}],"about":[{"href":"https:\/\/www.volleyclubs.be\/forzauccle\/wp-json\/wp\/v2\/types\/page"}],"author":[{"embeddable":true,"href":"https:\/\/www.volleyclubs.be\/forzauccle\/wp-json\/wp\/v2\/users\/54"}],"replies":[{"embeddable":true,"href":"https:\/\/www.volleyclubs.be\/forzauccle\/wp-json\/wp\/v2\/comments?post=22"}],"version-history":[{"count":28,"href":"https:\/\/www.volleyclubs.be\/forzauccle\/wp-json\/wp\/v2\/pages\/22\/revisions"}],"predecessor-version":[{"id":685,"href":"https:\/\/www.volleyclubs.be\/forzauccle\/wp-json\/wp\/v2\/pages\/22\/revisions\/685"}],"wp:attachment":[{"href":"https:\/\/www.volleyclubs.be\/forzauccle\/wp-json\/wp\/v2\/media?parent=22"}],"curies":[{"name":"wp","href":"https:\/\/api.w.org\/{rel}","templated":true}]}}