{"id":42,"date":"2022-02-01T17:02:18","date_gmt":"2022-02-01T16:02:18","guid":{"rendered":"https:\/\/www.volleyclubs.be\/embourgvolleyball\/?page_id=42"},"modified":"2024-12-23T19:13:23","modified_gmt":"2024-12-23T18:13:23","slug":"sponsors","status":"publish","type":"page","link":"https:\/\/www.volleyclubs.be\/embourgvolleyball\/sponsors\/","title":{"rendered":"Sponsors"},"content":{"rendered":"<p>Merci \u00e0 Reno Energy, \u00e0 Chez Titi&rsquo;in (caf\u00e9taria du complexe d&rsquo;Embourg), \u00e0 la Vitrerie C. Thiry &amp; Miroiterie Knops, \u00e0 EVS et au Bar \u00e0 P\u00e2tes d&rsquo;Embourg<\/p>\n<p>N&rsquo;h\u00e9sitez pas \u00e0 nous contacter si vous souhaitez aider le club \u00e0 se d\u00e9velopper ou si vous \u00eates int\u00e9ress\u00e9 par un partenariat!<\/p>\n<p>Demandez notre dossier de sponsoring pour plus de renseignements!<\/p>\n","protected":false},"excerpt":{"rendered":"<p>Merci \u00e0 Reno Energy, \u00e0 Chez Titi&rsquo;in (caf\u00e9taria du complexe d&rsquo;Embourg), \u00e0 la Vitrerie C. Thiry &amp; Miroiterie Knops, \u00e0 EVS et au Bar \u00e0 P\u00e2tes d&rsquo;Embourg N&rsquo;h\u00e9sitez pas \u00e0 nous contacter si vous souhaitez aider le club \u00e0 se d\u00e9velopper ou si vous \u00eates int\u00e9ress\u00e9 par un partenariat! Demandez notre dossier de sponsoring pour [&hellip;]<\/p>\n","protected":false},"author":82,"featured_media":0,"parent":0,"menu_order":0,"comment_status":"closed","ping_status":"closed","template":"page-templates\/page-sponsors.php","meta":{"footnotes":""},"_links":{"self":[{"href":"https:\/\/www.volleyclubs.be\/embourgvolleyball\/wp-json\/wp\/v2\/pages\/42"}],"collection":[{"href":"https:\/\/www.volleyclubs.be\/embourgvolleyball\/wp-json\/wp\/v2\/pages"}],"about":[{"href":"https:\/\/www.volleyclubs.be\/embourgvolleyball\/wp-json\/wp\/v2\/types\/page"}],"author":[{"embeddable":true,"href":"https:\/\/www.volleyclubs.be\/embourgvolleyball\/wp-json\/wp\/v2\/users\/82"}],"replies":[{"embeddable":true,"href":"https:\/\/www.volleyclubs.be\/embourgvolleyball\/wp-json\/wp\/v2\/comments?post=42"}],"version-history":[{"count":21,"href":"https:\/\/www.volleyclubs.be\/embourgvolleyball\/wp-json\/wp\/v2\/pages\/42\/revisions"}],"predecessor-version":[{"id":602,"href":"https:\/\/www.volleyclubs.be\/embourgvolleyball\/wp-json\/wp\/v2\/pages\/42\/revisions\/602"}],"wp:attachment":[{"href":"https:\/\/www.volleyclubs.be\/embourgvolleyball\/wp-json\/wp\/v2\/media?parent=42"}],"curies":[{"name":"wp","href":"https:\/\/api.w.org\/{rel}","templated":true}]}}