{"id":29,"date":"2025-03-20T15:16:12","date_gmt":"2025-03-20T14:16:12","guid":{"rendered":"https:\/\/www.volleyclubs.be\/embourgvolleyball\/?page_id=29"},"modified":"2026-03-02T15:14:30","modified_gmt":"2026-03-02T14:14:30","slug":"the-club-3","status":"publish","type":"page","link":"https:\/\/www.volleyclubs.be\/embourgvolleyball\/the-club-3\/","title":{"rendered":"\u00c9thique"},"content":{"rendered":"<p>R\u00e9f\u00e9rent \u00e9thique d&rsquo;Embourg Volleyball :<br \/>\nLaurent Derbaix &#8211; Pr\u00e9sident<br \/>\nEmail : derbaix.laurent@gmail.com<br \/>\nTel : +32-497\/48.02.22<\/p>\n<p>&nbsp;<\/p>\n<p>R\u00e9f\u00e9rent \u00e9thique de la F\u00e9d\u00e9ration Volley Wallonie Bruxelles :<br \/>\nDominique RETERRE<br \/>\nEmail : dominique.reterre@gmail.com<br \/>\nTel : 04 77 22 85 11<\/p>\n<p><a href=\"https:\/\/www.sport-adeps.be\/numeros-urgence\/\" target=\"_blank\" rel=\"noopener\">Num\u00e9ros d&rsquo;Urgence ADEPS<\/a><\/p>\n<p><a href=\"https:\/\/www.sport-adeps.be\/ladeps-vous-accompagne\/ethique-sportive\/\" target=\"_blank\" rel=\"noopener\">\u00c9thique Sportive &#8211; ADEPS<\/a><\/p>\n","protected":false},"excerpt":{"rendered":"<p>R\u00e9f\u00e9rent \u00e9thique d&rsquo;Embourg Volleyball : Laurent Derbaix &#8211; Pr\u00e9sident Email : derbaix.laurent@gmail.com Tel : +32-497\/48.02.22 &nbsp; R\u00e9f\u00e9rent \u00e9thique de la F\u00e9d\u00e9ration Volley Wallonie Bruxelles : Dominique RETERRE Email : dominique.reterre@gmail.com Tel : 04 77 22 85 11 Num\u00e9ros d&rsquo;Urgence ADEPS \u00c9thique Sportive &#8211; ADEPS<\/p>\n","protected":false},"author":82,"featured_media":0,"parent":0,"menu_order":0,"comment_status":"closed","ping_status":"closed","template":"page-templates\/page-free.php","meta":{"footnotes":""},"_links":{"self":[{"href":"https:\/\/www.volleyclubs.be\/embourgvolleyball\/wp-json\/wp\/v2\/pages\/29"}],"collection":[{"href":"https:\/\/www.volleyclubs.be\/embourgvolleyball\/wp-json\/wp\/v2\/pages"}],"about":[{"href":"https:\/\/www.volleyclubs.be\/embourgvolleyball\/wp-json\/wp\/v2\/types\/page"}],"author":[{"embeddable":true,"href":"https:\/\/www.volleyclubs.be\/embourgvolleyball\/wp-json\/wp\/v2\/users\/82"}],"replies":[{"embeddable":true,"href":"https:\/\/www.volleyclubs.be\/embourgvolleyball\/wp-json\/wp\/v2\/comments?post=29"}],"version-history":[{"count":4,"href":"https:\/\/www.volleyclubs.be\/embourgvolleyball\/wp-json\/wp\/v2\/pages\/29\/revisions"}],"predecessor-version":[{"id":663,"href":"https:\/\/www.volleyclubs.be\/embourgvolleyball\/wp-json\/wp\/v2\/pages\/29\/revisions\/663"}],"wp:attachment":[{"href":"https:\/\/www.volleyclubs.be\/embourgvolleyball\/wp-json\/wp\/v2\/media?parent=29"}],"curies":[{"name":"wp","href":"https:\/\/api.w.org\/{rel}","templated":true}]}}