{"id":28,"date":"2024-11-13T21:51:23","date_gmt":"2024-11-13T20:51:23","guid":{"rendered":"https:\/\/www.volleyclubs.be\/embourgvolleyball\/?page_id=28"},"modified":"2025-08-21T12:30:39","modified_gmt":"2025-08-21T10:30:39","slug":"the-club-2","status":"publish","type":"page","link":"https:\/\/www.volleyclubs.be\/embourgvolleyball\/the-club-2\/","title":{"rendered":"Comit\u00e9 Organisations &amp; \u00c9v\u00e9nements"},"content":{"rendered":"<p>Embourg Volleyball est fier de pouvoir compter sur ses membres pour les diff\u00e9rentes organisations sportives et non sportives qui rythment la vie du club tout au long de la saison !<\/p>\n<p>Pour la saison 2025 &#8211; 2026, le Comit\u00e9 Organisations &amp; \u00c9v\u00e9nements sera compos\u00e9 comme suit :<\/p>\n<p>Gestion Quotidienne :<\/p>\n<ul>\n<li>Guillaume Simal, P3DM (joueur)<\/li>\n<li>Th\u00e9o Collignon, P3CM (joueur)<\/li>\n<\/ul>\n<p>&nbsp;<\/p>\n<p>Support pour les grosses organisations et \u00e9v\u00e9nements :<\/p>\n<ul>\n<li>Benoit Boulanger, P3CM (coach &#8211; joueur)<\/li>\n<li>La\u00ebtitia Hardy, P4ED (coach)<\/li>\n<li>Delphine Bourguignon, P4ED (parent)<\/li>\n<\/ul>\n<p>&nbsp;<\/p>\n<p>Gestion :<\/p>\n<ul>\n<li>Tom Driessens, PROM (Entra\u00eeneur &#8211; joueur)<\/li>\n<\/ul>\n<p>&nbsp;<\/p>\n<p>Pour toute question, id\u00e9e, ou suggestion, vous pouvez en discuter avec les membres du comit\u00e9 d&rsquo;organisation !<\/p>\n<p>Si ce n&rsquo;est pas possible, vous pouvez contacter Tom Driessens au 0471859758 ou via embourgetvb@gmail.com.<\/p>\n","protected":false},"excerpt":{"rendered":"<p>Embourg Volleyball est fier de pouvoir compter sur ses membres pour les diff\u00e9rentes organisations sportives et non sportives qui rythment la vie du club tout au long de la saison ! Pour la saison 2025 &#8211; 2026, le Comit\u00e9 Organisations &amp; \u00c9v\u00e9nements sera compos\u00e9 comme suit : Gestion Quotidienne : Guillaume Simal, P3DM (joueur) Th\u00e9o [&hellip;]<\/p>\n","protected":false},"author":82,"featured_media":0,"parent":0,"menu_order":0,"comment_status":"closed","ping_status":"closed","template":"page-templates\/page-free.php","meta":{"footnotes":""},"_links":{"self":[{"href":"https:\/\/www.volleyclubs.be\/embourgvolleyball\/wp-json\/wp\/v2\/pages\/28"}],"collection":[{"href":"https:\/\/www.volleyclubs.be\/embourgvolleyball\/wp-json\/wp\/v2\/pages"}],"about":[{"href":"https:\/\/www.volleyclubs.be\/embourgvolleyball\/wp-json\/wp\/v2\/types\/page"}],"author":[{"embeddable":true,"href":"https:\/\/www.volleyclubs.be\/embourgvolleyball\/wp-json\/wp\/v2\/users\/82"}],"replies":[{"embeddable":true,"href":"https:\/\/www.volleyclubs.be\/embourgvolleyball\/wp-json\/wp\/v2\/comments?post=28"}],"version-history":[{"count":5,"href":"https:\/\/www.volleyclubs.be\/embourgvolleyball\/wp-json\/wp\/v2\/pages\/28\/revisions"}],"predecessor-version":[{"id":639,"href":"https:\/\/www.volleyclubs.be\/embourgvolleyball\/wp-json\/wp\/v2\/pages\/28\/revisions\/639"}],"wp:attachment":[{"href":"https:\/\/www.volleyclubs.be\/embourgvolleyball\/wp-json\/wp\/v2\/media?parent=28"}],"curies":[{"name":"wp","href":"https:\/\/api.w.org\/{rel}","templated":true}]}}