{"id":19,"date":"2020-06-15T15:41:44","date_gmt":"2020-06-15T13:41:44","guid":{"rendered":"https:\/\/www.volleyclubs.be\/capciwb\/?page_id=19"},"modified":"2023-09-29T18:13:32","modified_gmt":"2023-09-29T16:13:32","slug":"history","status":"publish","type":"page","link":"https:\/\/www.volleyclubs.be\/capciwb\/history\/","title":{"rendered":"Historique"},"content":{"rendered":"<p>CAPCI &#8211; WB est un club de volley-ball \u00e0 Bruxelles.<\/p>\n<p>Nous \u00e9voluons sur Ixelles, \u00e0 deux pas de l&rsquo;ULB.<\/p>\n<p>CAPCI &#8211; WB est un club convivial et dynamique.<\/p>\n<p>Nous comptons 4 \u00e9quipes pour la saison 2020-2021:<\/p>\n<p><a href=\"https:\/\/www.volleyclubs.be\/capciwb\/team\/p2d-2\/\">La provinciale 1 dames<\/a><\/p>\n<p><a href=\"https:\/\/www.volleyclubs.be\/capciwb\/team\/p1h-a\/\">La provinciale 1 hommes B<\/a><\/p>\n<p><a href=\"https:\/\/www.volleyclubs.be\/capciwb\/team\/p1h-b\/\">La provinciale 2 hommes C<\/a><\/p>\n<p><a href=\"https:\/\/www.volleyclubs.be\/capciwb\/team\/n3h\/\">La Promotion hommes hommes<\/a><\/p>\n","protected":false},"excerpt":{"rendered":"<p>CAPCI &#8211; WB est un club de volley-ball \u00e0 Bruxelles. Nous \u00e9voluons sur Ixelles, \u00e0 deux pas de l&rsquo;ULB. CAPCI &#8211; WB est un club convivial et dynamique. Nous comptons 4 \u00e9quipes pour la saison 2020-2021: La provinciale 1 dames La provinciale 1 hommes B La provinciale 2 hommes C La Promotion hommes hommes<\/p>\n","protected":false},"author":64,"featured_media":0,"parent":0,"menu_order":0,"comment_status":"closed","ping_status":"closed","template":"page-templates\/page-history.php","meta":{"footnotes":""},"_links":{"self":[{"href":"https:\/\/www.volleyclubs.be\/capciwb\/wp-json\/wp\/v2\/pages\/19"}],"collection":[{"href":"https:\/\/www.volleyclubs.be\/capciwb\/wp-json\/wp\/v2\/pages"}],"about":[{"href":"https:\/\/www.volleyclubs.be\/capciwb\/wp-json\/wp\/v2\/types\/page"}],"author":[{"embeddable":true,"href":"https:\/\/www.volleyclubs.be\/capciwb\/wp-json\/wp\/v2\/users\/64"}],"replies":[{"embeddable":true,"href":"https:\/\/www.volleyclubs.be\/capciwb\/wp-json\/wp\/v2\/comments?post=19"}],"version-history":[{"count":6,"href":"https:\/\/www.volleyclubs.be\/capciwb\/wp-json\/wp\/v2\/pages\/19\/revisions"}],"predecessor-version":[{"id":210,"href":"https:\/\/www.volleyclubs.be\/capciwb\/wp-json\/wp\/v2\/pages\/19\/revisions\/210"}],"wp:attachment":[{"href":"https:\/\/www.volleyclubs.be\/capciwb\/wp-json\/wp\/v2\/media?parent=19"}],"curies":[{"name":"wp","href":"https:\/\/api.w.org\/{rel}","templated":true}]}}